{"id":7080,"date":"2022-04-20T16:34:04","date_gmt":"2022-04-20T16:34:04","guid":{"rendered":"https:\/\/asrconsultoria.com.br\/?page_id=7080"},"modified":"2025-05-15T18:51:20","modified_gmt":"2025-05-15T18:51:20","slug":"cobit","status":"publish","type":"page","link":"https:\/\/prototipo.asrdoq.com.br\/site\/?page_id=7080","title":{"rendered":"COBIT"},"content":{"rendered":"\t\t<div data-elementor-type=\"wp-page\" data-elementor-id=\"7080\" class=\"elementor elementor-7080\">\n\t\t\t\t\t\t<section class=\"elementor-section elementor-top-section elementor-element elementor-element-9c27988 elementor-section-boxed elementor-section-height-default elementor-section-height-default\" data-id=\"9c27988\" data-element_type=\"section\" data-e-type=\"section\">\n\t\t\t\t\t\t<div class=\"elementor-container elementor-column-gap-default\">\n\t\t\t\t\t<div class=\"elementor-column elementor-col-50 elementor-top-column elementor-element elementor-element-88d26f7\" data-id=\"88d26f7\" data-element_type=\"column\" data-e-type=\"column\">\n\t\t\t<div class=\"elementor-widget-wrap elementor-element-populated\">\n\t\t\t\t\t\t<div class=\"elementor-element elementor-element-c462cf2 elementor-widget elementor-widget-image\" data-id=\"c462cf2\" data-element_type=\"widget\" data-e-type=\"widget\" data-widget_type=\"image.default\">\n\t\t\t\t<div class=\"elementor-widget-container\">\n\t\t\t\t\t\t\t\t\t\t\t\t\t\t\t<img decoding=\"async\" width=\"300\" height=\"157\" src=\"https:\/\/prototipo.asrdoq.com.br\/site\/wp-content\/uploads\/2019\/12\/logo-cobit-300x157.png\" class=\"attachment-medium size-medium wp-image-5066\" alt=\"\" srcset=\"https:\/\/prototipo.asrdoq.com.br\/site\/wp-content\/uploads\/2019\/12\/logo-cobit-300x157.png 300w, https:\/\/prototipo.asrdoq.com.br\/site\/wp-content\/uploads\/2019\/12\/logo-cobit.png 500w\" sizes=\"(max-width: 300px) 100vw, 300px\" \/>\t\t\t\t\t\t\t\t\t\t\t\t\t\t\t<\/div>\n\t\t\t\t<\/div>\n\t\t\t\t\t<\/div>\n\t\t<\/div>\n\t\t\t\t<div class=\"elementor-column elementor-col-50 elementor-top-column elementor-element elementor-element-5542e48\" data-id=\"5542e48\" data-element_type=\"column\" data-e-type=\"column\">\n\t\t\t<div class=\"elementor-widget-wrap elementor-element-populated\">\n\t\t\t\t\t\t<div class=\"elementor-element elementor-element-0b95f56 elementor-widget elementor-widget-spacer\" data-id=\"0b95f56\" data-element_type=\"widget\" data-e-type=\"widget\" data-widget_type=\"spacer.default\">\n\t\t\t\t<div class=\"elementor-widget-container\">\n\t\t\t\t\t\t\t<div class=\"elementor-spacer\">\n\t\t\t<div class=\"elementor-spacer-inner\"><\/div>\n\t\t<\/div>\n\t\t\t\t\t\t<\/div>\n\t\t\t\t<\/div>\n\t\t\t\t<div class=\"elementor-element elementor-element-3f01ba6 elementor-widget elementor-widget-text-editor\" data-id=\"3f01ba6\" data-element_type=\"widget\" data-e-type=\"widget\" data-widget_type=\"text-editor.default\">\n\t\t\t\t<div class=\"elementor-widget-container\">\n\t\t\t\t\t\t\t\t\tO<b>\u00a0COBIT<\/b>\u00ae\u00a0(Control Objectives for Information and related Technology)\u00a0\u00e9 um framework\u00a0de boas pr\u00e1ticas\u00a0aplicadas\u00a0para a gest\u00e3o de TI,\u00a0mantido pelo ISACA (Information Systems Audit and Control Association).<\/p>\nO <b>COBIT<\/b>\u00ae \u00e9 um framework; n\u00e3o \u00e9 um padr\u00e3o, n\u00e3o \u00e9 uma norma e ajuda a empresa a direcionar ou priorizar os esfor\u00e7os e recursos da TI para atender aos requisitos do neg\u00f3cio. A ado\u00e7\u00e3o do COBIT tem como meta identificar quais processos da TI est\u00e3o impactando, ou gerando riscos para o neg\u00f3cio, de modo a priorizar o gerenciamento destes processos. O framework de controle do COBIT prop\u00f5e uma s\u00e9rie de objetivos de controle e seus respectivos indicadores de desempenho.<\/p>\n<p>O\u00a0<strong>COBIT<\/strong>\u00a0\u00e9 aplic\u00e1vel para empresas de todos os segmentos de atua\u00e7\u00e3o,\u00a0independente da participa\u00e7\u00e3o que a tecnologia da informa\u00e7\u00e3o tem na cadeia produtiva da empresa e das plataformas\u00a0adotadas.<\/p>\t\t\t\t\t\t\t\t<\/div>\n\t\t\t\t<\/div>\n\t\t\t\t<div class=\"elementor-element elementor-element-5fb2b0b elementor-widget elementor-widget-button\" data-id=\"5fb2b0b\" data-element_type=\"widget\" data-e-type=\"widget\" data-widget_type=\"button.default\">\n\t\t\t\t<div class=\"elementor-widget-container\">\n\t\t\t\t\t\t\t\t\t<div class=\"elementor-button-wrapper\">\n\t\t\t\t\t<a class=\"elementor-button elementor-button-link elementor-size-lg elementor-animation-shrink\" href=\"https:\/\/prototipo.asrdoq.com.br\/site\/index.php\/contato\/\">\n\t\t\t\t\t\t<span class=\"elementor-button-content-wrapper\">\n\t\t\t\t\t\t\t\t\t<span class=\"elementor-button-text\">Entre em contato para saber mais<\/span>\n\t\t\t\t\t<\/span>\n\t\t\t\t\t<\/a>\n\t\t\t\t<\/div>\n\t\t\t\t\t\t\t\t<\/div>\n\t\t\t\t<\/div>\n\t\t\t\t\t<\/div>\n\t\t<\/div>\n\t\t\t\t\t<\/div>\n\t\t<\/section>\n\t\t\t\t<section class=\"elementor-section elementor-top-section elementor-element elementor-element-56696e4 elementor-section-boxed elementor-section-height-default elementor-section-height-default\" data-id=\"56696e4\" data-element_type=\"section\" data-e-type=\"section\">\n\t\t\t\t\t\t<div class=\"elementor-container elementor-column-gap-default\">\n\t\t\t\t\t<div class=\"elementor-column elementor-col-100 elementor-top-column elementor-element elementor-element-88f165d\" data-id=\"88f165d\" data-element_type=\"column\" data-e-type=\"column\">\n\t\t\t<div class=\"elementor-widget-wrap elementor-element-populated\">\n\t\t\t\t\t\t<div class=\"elementor-element elementor-element-9d3b238 elementor-widget-divider--view-line elementor-widget elementor-widget-divider\" data-id=\"9d3b238\" data-element_type=\"widget\" data-e-type=\"widget\" data-widget_type=\"divider.default\">\n\t\t\t\t<div class=\"elementor-widget-container\">\n\t\t\t\t\t\t\t<div class=\"elementor-divider\">\n\t\t\t<span class=\"elementor-divider-separator\">\n\t\t\t\t\t\t<\/span>\n\t\t<\/div>\n\t\t\t\t\t\t<\/div>\n\t\t\t\t<\/div>\n\t\t\t\t\t<\/div>\n\t\t<\/div>\n\t\t\t\t\t<\/div>\n\t\t<\/section>\n\t\t\t\t<section class=\"elementor-section elementor-top-section elementor-element elementor-element-606af25 elementor-section-boxed elementor-section-height-default elementor-section-height-default\" data-id=\"606af25\" data-element_type=\"section\" data-e-type=\"section\">\n\t\t\t\t\t\t<div class=\"elementor-container elementor-column-gap-default\">\n\t\t\t\t\t<div class=\"elementor-column elementor-col-100 elementor-top-column elementor-element elementor-element-ea5eb42\" data-id=\"ea5eb42\" data-element_type=\"column\" data-e-type=\"column\">\n\t\t\t<div class=\"elementor-widget-wrap elementor-element-populated\">\n\t\t\t\t\t\t<div class=\"elementor-element elementor-element-2850538 elementor-widget elementor-widget-text-editor\" data-id=\"2850538\" data-element_type=\"widget\" data-e-type=\"widget\" data-widget_type=\"text-editor.default\">\n\t\t\t\t<div class=\"elementor-widget-container\">\n\t\t\t\t\t\t\t\t\t<h4 class=\"indice_pagina\" id=\"1\" style=\"color: #3c4858; margin: 0px 0px 15px; font-size: 27px;\"><span style=\"color: #ff0000;\"><strong>COBIT\u00a0com a ASR<\/strong><\/span><\/h4>\n<p>A\u00a0<strong>ASR<\/strong>\u00a0atua na implementa\u00e7\u00e3o de pr\u00e1ticas de COBIT\u00a0conforme necessidades e requisitos apresentados pelo cliente. A ASR conta com profissionais qualificados com atua\u00e7\u00e3o em empresas de TIC (Tecnologia da Informa\u00e7\u00e3o e Comunica\u00e7\u00e3o) e diversos setores da economia na implementa\u00e7\u00e3o de pr\u00e1ticas de COBIT.<\/p>\t\t\t\t\t\t\t\t<\/div>\n\t\t\t\t<\/div>\n\t\t\t\t\t<\/div>\n\t\t<\/div>\n\t\t\t\t\t<\/div>\n\t\t<\/section>\n\t\t\t\t<section class=\"elementor-section elementor-top-section elementor-element elementor-element-8c63e2e elementor-section-boxed elementor-section-height-default elementor-section-height-default\" data-id=\"8c63e2e\" data-element_type=\"section\" data-e-type=\"section\">\n\t\t\t\t\t\t<div class=\"elementor-container elementor-column-gap-default\">\n\t\t\t\t\t<div class=\"elementor-column elementor-col-25 elementor-top-column elementor-element elementor-element-4d76d7d\" data-id=\"4d76d7d\" data-element_type=\"column\" data-e-type=\"column\">\n\t\t\t<div class=\"elementor-widget-wrap elementor-element-populated\">\n\t\t\t\t\t\t<div class=\"elementor-element elementor-element-71a2d40 elementor-widget elementor-widget-image\" data-id=\"71a2d40\" data-element_type=\"widget\" data-e-type=\"widget\" data-widget_type=\"image.default\">\n\t\t\t\t<div class=\"elementor-widget-container\">\n\t\t\t\t\t\t\t\t\t\t\t\t\t\t\t<img decoding=\"async\" width=\"128\" height=\"120\" src=\"https:\/\/prototipo.asrdoq.com.br\/site\/wp-content\/uploads\/2018\/07\/consultoria.png\" class=\"attachment-medium size-medium wp-image-3830\" alt=\"\" \/>\t\t\t\t\t\t\t\t\t\t\t\t\t\t\t<\/div>\n\t\t\t\t<\/div>\n\t\t\t\t\t<\/div>\n\t\t<\/div>\n\t\t\t\t<div class=\"elementor-column elementor-col-25 elementor-top-column elementor-element elementor-element-35f5ca5\" data-id=\"35f5ca5\" data-element_type=\"column\" data-e-type=\"column\">\n\t\t\t<div class=\"elementor-widget-wrap elementor-element-populated\">\n\t\t\t\t\t\t<div class=\"elementor-element elementor-element-497b1a4 elementor-widget elementor-widget-text-editor\" data-id=\"497b1a4\" data-element_type=\"widget\" data-e-type=\"widget\" data-widget_type=\"text-editor.default\">\n\t\t\t\t<div class=\"elementor-widget-container\">\n\t\t\t\t\t\t\t\t\t<p style=\"margin-bottom: 15px; line-height: 1.618; font-size: 18px;\"><span style=\"color: #800000;\"><strong><a href=\"http:\/\/prototipo.asrdoq.com.br\/site\/index.php\/consultoria\/\" style=\"transition-property: all; color: #800000;\">Consultoria<\/a><\/strong><\/span><\/p>\n\n<ul style=\"font-size: 16px;\">\n \t<li style=\"text-align: justify;\">Diagn\u00f3stico de processos<\/li>\n \t<li style=\"text-align: justify;\">Consultoria para implementa\u00e7\u00e3o de processos<\/li>\n \t<li style=\"text-align: justify;\">Apoio na instala\u00e7\u00e3o e configura\u00e7\u00e3o de ferramentas (Redmine, Mantis, Jira, Subversion, entre outras)<\/li>\n<\/ul>\t\t\t\t\t\t\t\t<\/div>\n\t\t\t\t<\/div>\n\t\t\t\t\t<\/div>\n\t\t<\/div>\n\t\t\t\t<div class=\"elementor-column elementor-col-25 elementor-top-column elementor-element elementor-element-3428c52\" data-id=\"3428c52\" data-element_type=\"column\" data-e-type=\"column\">\n\t\t\t<div class=\"elementor-widget-wrap elementor-element-populated\">\n\t\t\t\t\t\t<div class=\"elementor-element elementor-element-59b3d52 elementor-widget elementor-widget-image\" data-id=\"59b3d52\" data-element_type=\"widget\" data-e-type=\"widget\" data-widget_type=\"image.default\">\n\t\t\t\t<div class=\"elementor-widget-container\">\n\t\t\t\t\t\t\t\t\t\t\t\t\t\t\t<img decoding=\"async\" width=\"128\" height=\"128\" src=\"https:\/\/prototipo.asrdoq.com.br\/site\/wp-content\/uploads\/2018\/07\/2.png\" class=\"attachment-large size-large wp-image-3808\" alt=\"\" \/>\t\t\t\t\t\t\t\t\t\t\t\t\t\t\t<\/div>\n\t\t\t\t<\/div>\n\t\t\t\t\t<\/div>\n\t\t<\/div>\n\t\t\t\t<div class=\"elementor-column elementor-col-25 elementor-top-column elementor-element elementor-element-8cf9006\" data-id=\"8cf9006\" data-element_type=\"column\" data-e-type=\"column\">\n\t\t\t<div class=\"elementor-widget-wrap elementor-element-populated\">\n\t\t\t\t\t\t<div class=\"elementor-element elementor-element-66cec21 elementor-widget elementor-widget-text-editor\" data-id=\"66cec21\" data-element_type=\"widget\" data-e-type=\"widget\" data-widget_type=\"text-editor.default\">\n\t\t\t\t<div class=\"elementor-widget-container\">\n\t\t\t\t\t\t\t\t\t<p style=\"margin-bottom: 15px; line-height: 1.618; font-size: 18px;\"><span style=\"color: #800000;\"><strong><a href=\"http:\/\/prototipo.asrdoq.com.br\/site\/index.php\/treinamento\/\" style=\"transition-property: all; color: #800000;\">Treinamento<\/a><\/strong><\/span><\/p>\n\n<ul style=\"font-size: 16px;\">\n \t<li>Treinamentos abertos<\/li>\n \t<li>Treinamentos in-company<\/li>\n<\/ul>\t\t\t\t\t\t\t\t<\/div>\n\t\t\t\t<\/div>\n\t\t\t\t\t<\/div>\n\t\t<\/div>\n\t\t\t\t\t<\/div>\n\t\t<\/section>\n\t\t\t\t<section class=\"elementor-section elementor-top-section elementor-element elementor-element-698a95f elementor-section-boxed elementor-section-height-default elementor-section-height-default\" data-id=\"698a95f\" data-element_type=\"section\" data-e-type=\"section\">\n\t\t\t\t\t\t<div class=\"elementor-container elementor-column-gap-default\">\n\t\t\t\t\t<div class=\"elementor-column elementor-col-25 elementor-top-column elementor-element elementor-element-dd34bf2\" data-id=\"dd34bf2\" data-element_type=\"column\" data-e-type=\"column\">\n\t\t\t<div class=\"elementor-widget-wrap elementor-element-populated\">\n\t\t\t\t\t\t<div class=\"elementor-element elementor-element-1894735 elementor-widget elementor-widget-image\" data-id=\"1894735\" data-element_type=\"widget\" data-e-type=\"widget\" data-widget_type=\"image.default\">\n\t\t\t\t<div class=\"elementor-widget-container\">\n\t\t\t\t\t\t\t\t\t\t\t\t\t\t\t<img loading=\"lazy\" decoding=\"async\" width=\"128\" height=\"128\" src=\"https:\/\/prototipo.asrdoq.com.br\/site\/wp-content\/uploads\/2018\/07\/handshake-1.png\" class=\"attachment-large size-large wp-image-3807\" alt=\"\" \/>\t\t\t\t\t\t\t\t\t\t\t\t\t\t\t<\/div>\n\t\t\t\t<\/div>\n\t\t\t\t\t<\/div>\n\t\t<\/div>\n\t\t\t\t<div class=\"elementor-column elementor-col-25 elementor-top-column elementor-element elementor-element-015e496\" data-id=\"015e496\" data-element_type=\"column\" data-e-type=\"column\">\n\t\t\t<div class=\"elementor-widget-wrap elementor-element-populated\">\n\t\t\t\t\t\t<div class=\"elementor-element elementor-element-24ce1b6 elementor-widget elementor-widget-text-editor\" data-id=\"24ce1b6\" data-element_type=\"widget\" data-e-type=\"widget\" data-widget_type=\"text-editor.default\">\n\t\t\t\t<div class=\"elementor-widget-container\">\n\t\t\t\t\t\t\t\t\t<p style=\"margin-bottom: 15px; line-height: 1.618; font-size: 18px;\"><span style=\"color: #800000;\"><strong><a href=\"http:\/\/prototipo.asrdoq.com.br\/site\/index.php\/assessoria\/\" style=\"transition-property: all; color: #800000;\">Assessoria<\/a><\/strong><\/span><\/p><ul style=\"font-size: 16px;\"><li>Auditorias<\/li><li>Coleta e an\u00e1lise de indicadores<\/li><li style=\"text-align: justify;\">Documenta\u00e7\u00e3o de processos<\/li><\/ul>\t\t\t\t\t\t\t\t<\/div>\n\t\t\t\t<\/div>\n\t\t\t\t\t<\/div>\n\t\t<\/div>\n\t\t\t\t<div class=\"elementor-column elementor-col-25 elementor-top-column elementor-element elementor-element-a75d30f\" data-id=\"a75d30f\" data-element_type=\"column\" data-e-type=\"column\">\n\t\t\t<div class=\"elementor-widget-wrap elementor-element-populated\">\n\t\t\t\t\t\t<div class=\"elementor-element elementor-element-ec44bad elementor-widget elementor-widget-image\" data-id=\"ec44bad\" data-element_type=\"widget\" data-e-type=\"widget\" data-widget_type=\"image.default\">\n\t\t\t\t<div class=\"elementor-widget-container\">\n\t\t\t\t\t\t\t\t\t\t\t\t\t\t\t<img loading=\"lazy\" decoding=\"async\" width=\"128\" height=\"128\" src=\"https:\/\/prototipo.asrdoq.com.br\/site\/wp-content\/uploads\/2018\/07\/list.png\" class=\"attachment-large size-large wp-image-3813\" alt=\"\" \/>\t\t\t\t\t\t\t\t\t\t\t\t\t\t\t<\/div>\n\t\t\t\t<\/div>\n\t\t\t\t\t<\/div>\n\t\t<\/div>\n\t\t\t\t<div class=\"elementor-column elementor-col-25 elementor-top-column elementor-element elementor-element-e17cb08\" data-id=\"e17cb08\" data-element_type=\"column\" data-e-type=\"column\">\n\t\t\t<div class=\"elementor-widget-wrap elementor-element-populated\">\n\t\t\t\t\t\t<div class=\"elementor-element elementor-element-66c90df elementor-widget elementor-widget-text-editor\" data-id=\"66c90df\" data-element_type=\"widget\" data-e-type=\"widget\" data-widget_type=\"text-editor.default\">\n\t\t\t\t<div class=\"elementor-widget-container\">\n\t\t\t\t\t\t\t\t\t<p style=\"margin-bottom: 15px; line-height: 1.618; font-size: 18px;\"><span style=\"color: #800000;\"><strong><a href=\"http:\/\/prototipo.asrdoq.com.br\/site\/index.php\/documentacao\/\" style=\"transition-property: all; color: #800000;\">Documenta\u00e7\u00e3o<\/a><\/strong><\/span><\/p><ul style=\"font-size: 16px;\"><li>Portais corporativos e de processos<\/li><li>Politicas e diretrizes<\/li><li style=\"text-align: justify;\">Fluxos de processos e atividades<\/li><li style=\"text-align: justify;\">Procedimentos<\/li><li style=\"text-align: justify;\">Roteiros, guias e manuais<\/li><li style=\"text-align: justify;\">Modelos de documentos, checklists<\/li><\/ul>\t\t\t\t\t\t\t\t<\/div>\n\t\t\t\t<\/div>\n\t\t\t\t\t<\/div>\n\t\t<\/div>\n\t\t\t\t\t<\/div>\n\t\t<\/section>\n\t\t\t\t<\/div>\n\t\t","protected":false},"excerpt":{"rendered":"<p>O\u00a0COBIT\u00ae\u00a0(Control Objectives for Information and related Technology)\u00a0\u00e9 um framework\u00a0de boas pr\u00e1ticas\u00a0aplicadas\u00a0para a gest\u00e3o de TI,\u00a0mantido pelo ISACA (Information Systems Audit and Control Association). O COBIT\u00ae \u00e9 um framework; n\u00e3o \u00e9 um padr\u00e3o, n\u00e3o \u00e9 uma norma e ajuda a empresa a direcionar ou priorizar os esfor\u00e7os e recursos da TI [&hellip;]<\/p>\n","protected":false},"author":18,"featured_media":6265,"parent":0,"menu_order":0,"comment_status":"closed","ping_status":"closed","template":"page-templates\/template-total-com-banner.php","meta":{"_joinchat":[],"footnotes":""},"class_list":["post-7080","page","type-page","status-publish","has-post-thumbnail","hentry"],"yoast_head":"<!-- This site is optimized with the Yoast SEO plugin v21.5 - https:\/\/yoast.com\/wordpress\/plugins\/seo\/ -->\n<title>COBIT - ASR Consultoria<\/title>\n<meta name=\"robots\" content=\"index, follow, max-snippet:-1, max-image-preview:large, max-video-preview:-1\" \/>\n<link rel=\"canonical\" href=\"https:\/\/prototipo.asrdoq.com.br\/site\/?page_id=7080\" \/>\n<meta property=\"og:locale\" content=\"pt_BR\" \/>\n<meta property=\"og:type\" content=\"article\" \/>\n<meta property=\"og:title\" content=\"COBIT - ASR Consultoria\" \/>\n<meta property=\"og:description\" content=\"O\u00a0COBIT\u00ae\u00a0(Control Objectives for Information and related Technology)\u00a0\u00e9 um framework\u00a0de boas pr\u00e1ticas\u00a0aplicadas\u00a0para a gest\u00e3o de TI,\u00a0mantido pelo ISACA (Information Systems Audit and Control Association). O COBIT\u00ae \u00e9 um framework; n\u00e3o \u00e9 um padr\u00e3o, n\u00e3o \u00e9 uma norma e ajuda a empresa a direcionar ou priorizar os esfor\u00e7os e recursos da TI [&hellip;]\" \/>\n<meta property=\"og:url\" content=\"https:\/\/prototipo.asrdoq.com.br\/site\/?page_id=7080\" \/>\n<meta property=\"og:site_name\" content=\"ASR Consultoria\" \/>\n<meta property=\"article:modified_time\" content=\"2025-05-15T18:51:20+00:00\" \/>\n<meta property=\"og:image\" content=\"https:\/\/prototipo.asrdoq.com.br\/site\/wp-content\/uploads\/2022\/02\/Banner-COBIT-4-2.png\" \/>\n\t<meta property=\"og:image:width\" content=\"1900\" \/>\n\t<meta property=\"og:image:height\" content=\"508\" \/>\n\t<meta property=\"og:image:type\" content=\"image\/png\" \/>\n<meta name=\"twitter:card\" content=\"summary_large_image\" \/>\n<meta name=\"twitter:label1\" content=\"Est. tempo de leitura\" \/>\n\t<meta name=\"twitter:data1\" content=\"3 minutos\" \/>\n<script type=\"application\/ld+json\" class=\"yoast-schema-graph\">{\"@context\":\"https:\/\/schema.org\",\"@graph\":[{\"@type\":\"WebPage\",\"@id\":\"https:\/\/prototipo.asrdoq.com.br\/site\/?page_id=7080\",\"url\":\"https:\/\/prototipo.asrdoq.com.br\/site\/?page_id=7080\",\"name\":\"COBIT - ASR Consultoria\",\"isPartOf\":{\"@id\":\"https:\/\/prototipo.asrdoq.com.br\/site\/#website\"},\"datePublished\":\"2022-04-20T16:34:04+00:00\",\"dateModified\":\"2025-05-15T18:51:20+00:00\",\"breadcrumb\":{\"@id\":\"https:\/\/prototipo.asrdoq.com.br\/site\/?page_id=7080#breadcrumb\"},\"inLanguage\":\"pt-BR\",\"potentialAction\":[{\"@type\":\"ReadAction\",\"target\":[\"https:\/\/prototipo.asrdoq.com.br\/site\/?page_id=7080\"]}]},{\"@type\":\"BreadcrumbList\",\"@id\":\"https:\/\/prototipo.asrdoq.com.br\/site\/?page_id=7080#breadcrumb\",\"itemListElement\":[{\"@type\":\"ListItem\",\"position\":1,\"name\":\"In\u00edcio\",\"item\":\"https:\/\/prototipo.asrdoq.com.br\/site\/\"},{\"@type\":\"ListItem\",\"position\":2,\"name\":\"COBIT\"}]},{\"@type\":\"WebSite\",\"@id\":\"https:\/\/prototipo.asrdoq.com.br\/site\/#website\",\"url\":\"https:\/\/prototipo.asrdoq.com.br\/site\/\",\"name\":\"ASR Consultoria\",\"description\":\"\",\"publisher\":{\"@id\":\"https:\/\/prototipo.asrdoq.com.br\/site\/#organization\"},\"potentialAction\":[{\"@type\":\"SearchAction\",\"target\":{\"@type\":\"EntryPoint\",\"urlTemplate\":\"https:\/\/prototipo.asrdoq.com.br\/site\/?s={search_term_string}\"},\"query-input\":\"required name=search_term_string\"}],\"inLanguage\":\"pt-BR\"},{\"@type\":\"Organization\",\"@id\":\"https:\/\/prototipo.asrdoq.com.br\/site\/#organization\",\"name\":\"ASR Consultoria\",\"url\":\"https:\/\/prototipo.asrdoq.com.br\/site\/\",\"logo\":{\"@type\":\"ImageObject\",\"inLanguage\":\"pt-BR\",\"@id\":\"https:\/\/prototipo.asrdoq.com.br\/site\/#\/schema\/logo\/image\/\",\"url\":\"https:\/\/asrconsultoria.com.br\/wp-content\/uploads\/2016\/03\/Logo_ASR-1.png\",\"contentUrl\":\"https:\/\/asrconsultoria.com.br\/wp-content\/uploads\/2016\/03\/Logo_ASR-1.png\",\"width\":402,\"height\":185,\"caption\":\"ASR Consultoria\"},\"image\":{\"@id\":\"https:\/\/prototipo.asrdoq.com.br\/site\/#\/schema\/logo\/image\/\"}}]}<\/script>\n<!-- \/ Yoast SEO plugin. -->","yoast_head_json":{"title":"COBIT - ASR Consultoria","robots":{"index":"index","follow":"follow","max-snippet":"max-snippet:-1","max-image-preview":"max-image-preview:large","max-video-preview":"max-video-preview:-1"},"canonical":"https:\/\/prototipo.asrdoq.com.br\/site\/?page_id=7080","og_locale":"pt_BR","og_type":"article","og_title":"COBIT - ASR Consultoria","og_description":"O\u00a0COBIT\u00ae\u00a0(Control Objectives for Information and related Technology)\u00a0\u00e9 um framework\u00a0de boas pr\u00e1ticas\u00a0aplicadas\u00a0para a gest\u00e3o de TI,\u00a0mantido pelo ISACA (Information Systems Audit and Control Association). O COBIT\u00ae \u00e9 um framework; n\u00e3o \u00e9 um padr\u00e3o, n\u00e3o \u00e9 uma norma e ajuda a empresa a direcionar ou priorizar os esfor\u00e7os e recursos da TI [&hellip;]","og_url":"https:\/\/prototipo.asrdoq.com.br\/site\/?page_id=7080","og_site_name":"ASR Consultoria","article_modified_time":"2025-05-15T18:51:20+00:00","og_image":[{"width":1900,"height":508,"url":"https:\/\/prototipo.asrdoq.com.br\/site\/wp-content\/uploads\/2022\/02\/Banner-COBIT-4-2.png","type":"image\/png"}],"twitter_card":"summary_large_image","twitter_misc":{"Est. tempo de leitura":"3 minutos"},"schema":{"@context":"https:\/\/schema.org","@graph":[{"@type":"WebPage","@id":"https:\/\/prototipo.asrdoq.com.br\/site\/?page_id=7080","url":"https:\/\/prototipo.asrdoq.com.br\/site\/?page_id=7080","name":"COBIT - ASR Consultoria","isPartOf":{"@id":"https:\/\/prototipo.asrdoq.com.br\/site\/#website"},"datePublished":"2022-04-20T16:34:04+00:00","dateModified":"2025-05-15T18:51:20+00:00","breadcrumb":{"@id":"https:\/\/prototipo.asrdoq.com.br\/site\/?page_id=7080#breadcrumb"},"inLanguage":"pt-BR","potentialAction":[{"@type":"ReadAction","target":["https:\/\/prototipo.asrdoq.com.br\/site\/?page_id=7080"]}]},{"@type":"BreadcrumbList","@id":"https:\/\/prototipo.asrdoq.com.br\/site\/?page_id=7080#breadcrumb","itemListElement":[{"@type":"ListItem","position":1,"name":"In\u00edcio","item":"https:\/\/prototipo.asrdoq.com.br\/site\/"},{"@type":"ListItem","position":2,"name":"COBIT"}]},{"@type":"WebSite","@id":"https:\/\/prototipo.asrdoq.com.br\/site\/#website","url":"https:\/\/prototipo.asrdoq.com.br\/site\/","name":"ASR Consultoria","description":"","publisher":{"@id":"https:\/\/prototipo.asrdoq.com.br\/site\/#organization"},"potentialAction":[{"@type":"SearchAction","target":{"@type":"EntryPoint","urlTemplate":"https:\/\/prototipo.asrdoq.com.br\/site\/?s={search_term_string}"},"query-input":"required name=search_term_string"}],"inLanguage":"pt-BR"},{"@type":"Organization","@id":"https:\/\/prototipo.asrdoq.com.br\/site\/#organization","name":"ASR Consultoria","url":"https:\/\/prototipo.asrdoq.com.br\/site\/","logo":{"@type":"ImageObject","inLanguage":"pt-BR","@id":"https:\/\/prototipo.asrdoq.com.br\/site\/#\/schema\/logo\/image\/","url":"https:\/\/asrconsultoria.com.br\/wp-content\/uploads\/2016\/03\/Logo_ASR-1.png","contentUrl":"https:\/\/asrconsultoria.com.br\/wp-content\/uploads\/2016\/03\/Logo_ASR-1.png","width":402,"height":185,"caption":"ASR Consultoria"},"image":{"@id":"https:\/\/prototipo.asrdoq.com.br\/site\/#\/schema\/logo\/image\/"}}]}},"_links":{"self":[{"href":"https:\/\/prototipo.asrdoq.com.br\/site\/index.php?rest_route=\/wp\/v2\/pages\/7080","targetHints":{"allow":["GET"]}}],"collection":[{"href":"https:\/\/prototipo.asrdoq.com.br\/site\/index.php?rest_route=\/wp\/v2\/pages"}],"about":[{"href":"https:\/\/prototipo.asrdoq.com.br\/site\/index.php?rest_route=\/wp\/v2\/types\/page"}],"author":[{"embeddable":true,"href":"https:\/\/prototipo.asrdoq.com.br\/site\/index.php?rest_route=\/wp\/v2\/users\/18"}],"replies":[{"embeddable":true,"href":"https:\/\/prototipo.asrdoq.com.br\/site\/index.php?rest_route=%2Fwp%2Fv2%2Fcomments&post=7080"}],"version-history":[{"count":0,"href":"https:\/\/prototipo.asrdoq.com.br\/site\/index.php?rest_route=\/wp\/v2\/pages\/7080\/revisions"}],"wp:featuredmedia":[{"embeddable":true,"href":"https:\/\/prototipo.asrdoq.com.br\/site\/index.php?rest_route=\/wp\/v2\/media\/6265"}],"wp:attachment":[{"href":"https:\/\/prototipo.asrdoq.com.br\/site\/index.php?rest_route=%2Fwp%2Fv2%2Fmedia&parent=7080"}],"curies":[{"name":"wp","href":"https:\/\/api.w.org\/{rel}","templated":true}]}}