{"id":5962,"date":"2022-01-03T16:18:20","date_gmt":"2022-01-03T16:18:20","guid":{"rendered":"https:\/\/asrconsultoria.com.br\/?page_id=5962"},"modified":"2025-03-06T20:30:33","modified_gmt":"2025-03-06T20:30:33","slug":"esg","status":"publish","type":"page","link":"https:\/\/prototipo.asrdoq.com.br\/site\/?page_id=5962","title":{"rendered":"ESG &#8211; Environmental, Social and Governance"},"content":{"rendered":"<div class=\"row \"><div class=\"col-lg-8 col-md-12 col-xs-12 col-sm-12\"><\/p>\n<p><span style=\"font-size: 16px;\">A sigla <strong>ESG<\/strong>, do ingl\u00eas <strong>Environmental, Social and Governance<\/strong>, ou em portugu\u00eas &#8220;Ambiental, Social e Governan\u00e7a&#8221; corresponde \u00e0s melhores pr\u00e1ticas <strong>ambientais, sociais e de governan\u00e7a<\/strong> integradas em toda a\u00a0 organiza\u00e7\u00e3o.<\/span><\/p>\n<p><span style=\"font-size: 16px;\">O ESG pode ser utilizado para medir quanto um neg\u00f3cio busca verificar e criar a\u00e7\u00f5es para minimizar seus impactos ao meio ambiente, obter melhores processos de administra\u00e7\u00e3o e resultados para a sociedade.<\/span><\/p>\n<p><span style=\"font-size: 16px;\">Toda organiza\u00e7\u00e3o, independentemente de seu segmento de atua\u00e7\u00e3o e porte, deve estar atenta quanto a <strong>sustentabilidade<\/strong> do neg\u00f3cio, levando em conta aspectos <strong>ambientais<\/strong>, <strong>econ\u00f4micos<\/strong>, <strong>responsabilidade<\/strong> <strong>social<\/strong>, transpar\u00eancia, gest\u00e3o de riscos, conduta corporativa, prote\u00e7\u00e3o e privacidade de dados, <strong>diversidade<\/strong>, relacionamento com os clientes e com a comunidades, entre outros.<\/span><\/p>\n<p><\/div><div class=\"col-lg-4 col-md-12 col-xs-12 col-sm-12\"><\/p>\n<p><img fetchpriority=\"high\" decoding=\"async\" src=\"http:\/\/prototipo.asrdoq.com.br\/site\/wp-content\/uploads\/2022\/01\/Imagem-ESG-6-300x295.png\" alt=\"\" width=\"300\" height=\"295\" class=\"aligncenter size-medium wp-image-5976\" srcset=\"https:\/\/prototipo.asrdoq.com.br\/site\/wp-content\/uploads\/2022\/01\/Imagem-ESG-6-300x295.png 300w, https:\/\/prototipo.asrdoq.com.br\/site\/wp-content\/uploads\/2022\/01\/Imagem-ESG-6-768x754.png 768w, https:\/\/prototipo.asrdoq.com.br\/site\/wp-content\/uploads\/2022\/01\/Imagem-ESG-6.png 878w\" sizes=\"(max-width: 300px) 100vw, 300px\" \/><\/p>\n<p><\/div><\/div>\n<ul><\/ul>\n<div class=\"row \"><\/p>\n<p><div class=\"col-lg-1 col-md-12 col-xs-12 col-sm-12\"><\/div><\/p>\n<p><div class=\"col-lg-10 col-md-12 col-xs-12 col-sm-12\"><\/p>\n<p><span style=\"color: #008000; font-size: 16px;\"><strong><img decoding=\"async\" src=\"http:\/\/prototipo.asrdoq.com.br\/site\/wp-content\/uploads\/2022\/01\/ambiental-2-1-300x185.png\" alt=\"\" width=\"152\" height=\"94\" class=\" wp-image-5998 alignleft\" srcset=\"https:\/\/prototipo.asrdoq.com.br\/site\/wp-content\/uploads\/2022\/01\/ambiental-2-1-300x185.png 300w, https:\/\/prototipo.asrdoq.com.br\/site\/wp-content\/uploads\/2022\/01\/ambiental-2-1.png 321w\" sizes=\"(max-width: 152px) 100vw, 152px\" \/>Ambiental<\/strong>: Analisa o desempenho da organiza\u00e7\u00e3o na conserva\u00e7\u00e3o do meio ambiente, incluindo a gest\u00e3o dos riscos ambientais, mitiga\u00e7\u00e3o e pol\u00edticas (ex.: controle de polui\u00e7\u00e3o, desmatamento, gest\u00e3o dos res\u00edduos, preserva\u00e7\u00e3o da flora e da fauna, uso de energia renov\u00e1vel etc.).<\/span><\/p>\n<p>&nbsp;<\/p>\n<p><span style=\"color: #333399; font-size: 16px;\"><strong><img decoding=\"async\" src=\"http:\/\/prototipo.asrdoq.com.br\/site\/wp-content\/uploads\/2022\/01\/social-2-2-300x185.png\" alt=\"\" width=\"152\" height=\"94\" class=\" wp-image-6000 alignleft\" srcset=\"https:\/\/prototipo.asrdoq.com.br\/site\/wp-content\/uploads\/2022\/01\/social-2-2-300x185.png 300w, https:\/\/prototipo.asrdoq.com.br\/site\/wp-content\/uploads\/2022\/01\/social-2-2.png 321w\" sizes=\"(max-width: 152px) 100vw, 152px\" \/>Social<\/strong>: Analisa o gerenciamento da organiza\u00e7\u00e3o quanto aos colaboradores, parceiros, fornecedores e toda a sociedade, com pr\u00e1ticas voltadas \u00e0 prote\u00e7\u00e3o de dados pessoais, diversidade, direitos humanos, satisfa\u00e7\u00e3o dos clientes, respeito \u00e0 legisla\u00e7\u00e3o etc.<\/span><\/p>\n<p>&nbsp;<\/p>\n<p><span style=\"color: #ff6600; font-size: 16px;\"><strong><img loading=\"lazy\" decoding=\"async\" src=\"http:\/\/prototipo.asrdoq.com.br\/site\/wp-content\/uploads\/2022\/01\/Governanca-2-1-300x185.png\" alt=\"\" width=\"152\" height=\"94\" class=\" wp-image-6001 alignleft\" srcset=\"https:\/\/prototipo.asrdoq.com.br\/site\/wp-content\/uploads\/2022\/01\/Governanca-2-1-300x185.png 300w, https:\/\/prototipo.asrdoq.com.br\/site\/wp-content\/uploads\/2022\/01\/Governanca-2-1.png 321w\" sizes=\"(max-width: 152px) 100vw, 152px\" \/>Governan\u00e7a<\/strong>: Abrange a administra\u00e7\u00e3o da empresa, como por exemplo, diretoria executiva, \u00e1reas de gest\u00e3o, auditorias, assuntos relacionados a riscos e compliance, legisla\u00e7\u00e3o, pol\u00edticas, controles etc.<\/span><\/p>\n<p>&nbsp;<\/p>\n<p><\/div><\/p>\n<p><div class=\"col-lg-1 col-md-12 col-xs-12 col-sm-12\"><\/div><\/div>\n<hr \/>\n<div class=\"panel panel-default \"><div class=\"panel-body\"><\/p>\n<h5><span style=\"color: #333333;\"><strong>Vantagens\/Benef\u00edcios<\/strong><\/span><\/h5>\n<p><div class=\"col-lg-6 col-md-12 col-xs-12 col-sm-12\"><\/p>\n<ul>\n<li><span style=\"font-size: 16px;\">Respeito e apoio aos direitos humanos<\/span><\/li>\n<li><span style=\"font-size: 16px;\">Desempenho sustent\u00e1vel<\/span><\/li>\n<li><span style=\"font-size: 16px;\">Padr\u00f5es mais r\u00edgidos de controle<\/span><\/li>\n<li><span style=\"font-size: 16px;\">Conformidade com a legisla\u00e7\u00e3o<\/span><\/li>\n<li><span style=\"font-size: 16px;\">Satisfa\u00e7\u00e3o dos colaboradores<\/span><\/li>\n<li><span style=\"font-size: 16px;\">Redu\u00e7\u00e3o\/elimina\u00e7\u00e3o do impacto ambiental<\/span><\/li>\n<\/ul>\n<p><\/div><\/p>\n<p><div class=\"col-lg-6 col-md-12 col-xs-12 col-sm-12\"><\/p>\n<ul>\n<li><span style=\"font-size: 16px;\">Novas oportunidade de neg\u00f3cios<\/span><\/li>\n<li><span style=\"font-size: 16px;\">Gest\u00e3o dos riscos<\/span><\/li>\n<li><span style=\"font-size: 16px;\">Ado\u00e7\u00e3o de melhores estrat\u00e9gias, pol\u00edticas, processos, controles e indicadores do neg\u00f3cio\u00a0<\/span><\/li>\n<li><span style=\"font-size: 16px;\">Maior lucratividade no longo prazo<\/span><\/li>\n<li><span style=\"font-size: 16px;\">Mais estabilidade<\/span><\/li>\n<\/ul>\n<p><\/div><\/div>\n<\/div>\n<hr \/>\n<h5><span style=\"font-size: 16px;\"><strong>Formas de atua\u00e7\u00e3o da <span style=\"color: #ff0000;\">ASR<\/span><\/strong><\/span><\/h5>\n<p>A <strong>ASR<\/strong> acompanha a organiza\u00e7\u00e3o em seu caminho sustent\u00e1vel, oferecendo todo o suporte necess\u00e1rio desde a avalia\u00e7\u00e3o inicial, entendimento dos objetivos da empresa quanto a <strong>sustentabilidade<\/strong>, <strong>planejamento<\/strong> das a\u00e7\u00f5es e <strong>implementa\u00e7\u00e3o<\/strong> do <strong>ESG<\/strong>.<\/p>\n<p>Os servi\u00e7os oferecidos envolvem gest\u00e3o de riscos, compliance, tecnologias, indicadores, consultoria para o desenvolvimento de pol\u00edticas, processos, procedimentos, a\u00e7\u00f5es, controles, indicadores para o cumprimento dos crit\u00e9rios do ESG e suas vantagens para a organiza\u00e7\u00e3o.<\/p>\n<div class=\"col-lg-4 col-md-12 col-xs-12 col-sm-12\"><\/p>\n<p><img loading=\"lazy\" decoding=\"async\" src=\"http:\/\/prototipo.asrdoq.com.br\/site\/wp-content\/uploads\/2022\/01\/Imagem-ESG-8-300x273.png\" alt=\"\" width=\"300\" height=\"273\" class=\"size-medium wp-image-5986 aligncenter\" srcset=\"https:\/\/prototipo.asrdoq.com.br\/site\/wp-content\/uploads\/2022\/01\/Imagem-ESG-8-300x273.png 300w, https:\/\/prototipo.asrdoq.com.br\/site\/wp-content\/uploads\/2022\/01\/Imagem-ESG-8.png 724w\" sizes=\"(max-width: 300px) 100vw, 300px\" \/><\/p>\n<p><\/div>\n<div class=\"col-lg-6 col-md-12 col-xs-12 col-sm-12\"><\/p>\n<ul>\n<li><span style=\"font-size: 16px;\">Avalia\u00e7\u00e3o da organiza\u00e7\u00e3o<\/span><\/li>\n<li><span style=\"font-size: 16px;\">Diagn\u00f3stico Inicial<\/span><\/li>\n<li><span style=\"font-size: 16px;\">Relat\u00f3rios<\/span><\/li>\n<li><span style=\"font-size: 16px;\">Plano de A\u00e7\u00e3o para integrar o ESG em todas as \u00e1reas<\/span><\/li>\n<li><span style=\"font-size: 16px;\">Seguran\u00e7a da Informa\u00e7\u00e3o e Privacidade<\/span><\/li>\n<li><span style=\"font-size: 16px;\">Gest\u00e3o de riscos e compliance<\/span><\/li>\n<li><span style=\"font-size: 16px;\">Auditorias<\/span><\/li>\n<li><span style=\"font-size: 16px;\">Pol\u00edticas, processos e procedimentos<\/span><\/li>\n<li><span style=\"font-size: 16px;\">Implementa\u00e7\u00e3o do plano de a\u00e7\u00e3o<\/span><\/li>\n<li><span style=\"font-size: 16px;\">Verifica\u00e7\u00e3o das mudan\u00e7as, impactos e avan\u00e7os<\/span><\/li>\n<\/ul>\n<p><\/div>\n","protected":false},"excerpt":{"rendered":"<p>Formas de atua\u00e7\u00e3o da ASR A ASR acompanha a organiza\u00e7\u00e3o em seu caminho sustent\u00e1vel, oferecendo todo o suporte necess\u00e1rio desde a avalia\u00e7\u00e3o inicial, entendimento dos objetivos da empresa quanto a sustentabilidade, planejamento das a\u00e7\u00f5es e implementa\u00e7\u00e3o do ESG. Os servi\u00e7os oferecidos envolvem gest\u00e3o de riscos, compliance, tecnologias, indicadores, consultoria para [&hellip;]<\/p>\n","protected":false},"author":18,"featured_media":6006,"parent":0,"menu_order":0,"comment_status":"closed","ping_status":"closed","template":"page-templates\/template-fullwidth.php","meta":{"_joinchat":[],"footnotes":""},"class_list":["post-5962","page","type-page","status-publish","has-post-thumbnail","hentry"],"yoast_head":"<!-- This site is optimized with the Yoast SEO plugin v21.5 - https:\/\/yoast.com\/wordpress\/plugins\/seo\/ -->\n<title>ESG - Environmental, Social and Governance - ASR Consultoria<\/title>\n<meta name=\"robots\" content=\"index, follow, max-snippet:-1, max-image-preview:large, max-video-preview:-1\" \/>\n<link rel=\"canonical\" href=\"https:\/\/prototipo.asrdoq.com.br\/site\/?page_id=5962\" \/>\n<meta property=\"og:locale\" content=\"pt_BR\" \/>\n<meta property=\"og:type\" content=\"article\" \/>\n<meta property=\"og:title\" content=\"ESG - Environmental, Social and Governance - ASR Consultoria\" \/>\n<meta property=\"og:description\" content=\"Formas de atua\u00e7\u00e3o da ASR A ASR acompanha a organiza\u00e7\u00e3o em seu caminho sustent\u00e1vel, oferecendo todo o suporte necess\u00e1rio desde a avalia\u00e7\u00e3o inicial, entendimento dos objetivos da empresa quanto a sustentabilidade, planejamento das a\u00e7\u00f5es e implementa\u00e7\u00e3o do ESG. Os servi\u00e7os oferecidos envolvem gest\u00e3o de riscos, compliance, tecnologias, indicadores, consultoria para [&hellip;]\" \/>\n<meta property=\"og:url\" content=\"https:\/\/prototipo.asrdoq.com.br\/site\/?page_id=5962\" \/>\n<meta property=\"og:site_name\" content=\"ASR Consultoria\" \/>\n<meta property=\"article:modified_time\" content=\"2025-03-06T20:30:33+00:00\" \/>\n<meta property=\"og:image\" content=\"https:\/\/prototipo.asrdoq.com.br\/site\/wp-content\/uploads\/2022\/01\/Banner-ESG.png\" \/>\n\t<meta property=\"og:image:width\" content=\"1900\" \/>\n\t<meta property=\"og:image:height\" content=\"508\" \/>\n\t<meta property=\"og:image:type\" content=\"image\/png\" \/>\n<meta name=\"twitter:card\" content=\"summary_large_image\" \/>\n<meta name=\"twitter:label1\" content=\"Est. tempo de leitura\" \/>\n\t<meta name=\"twitter:data1\" content=\"4 minutos\" \/>\n<script type=\"application\/ld+json\" class=\"yoast-schema-graph\">{\"@context\":\"https:\/\/schema.org\",\"@graph\":[{\"@type\":\"WebPage\",\"@id\":\"https:\/\/prototipo.asrdoq.com.br\/site\/?page_id=5962\",\"url\":\"https:\/\/prototipo.asrdoq.com.br\/site\/?page_id=5962\",\"name\":\"ESG - Environmental, Social and Governance - ASR Consultoria\",\"isPartOf\":{\"@id\":\"https:\/\/prototipo.asrdoq.com.br\/site\/#website\"},\"datePublished\":\"2022-01-03T16:18:20+00:00\",\"dateModified\":\"2025-03-06T20:30:33+00:00\",\"breadcrumb\":{\"@id\":\"https:\/\/prototipo.asrdoq.com.br\/site\/?page_id=5962#breadcrumb\"},\"inLanguage\":\"pt-BR\",\"potentialAction\":[{\"@type\":\"ReadAction\",\"target\":[\"https:\/\/prototipo.asrdoq.com.br\/site\/?page_id=5962\"]}]},{\"@type\":\"BreadcrumbList\",\"@id\":\"https:\/\/prototipo.asrdoq.com.br\/site\/?page_id=5962#breadcrumb\",\"itemListElement\":[{\"@type\":\"ListItem\",\"position\":1,\"name\":\"In\u00edcio\",\"item\":\"https:\/\/prototipo.asrdoq.com.br\/site\/\"},{\"@type\":\"ListItem\",\"position\":2,\"name\":\"ESG &#8211; Environmental, Social and Governance\"}]},{\"@type\":\"WebSite\",\"@id\":\"https:\/\/prototipo.asrdoq.com.br\/site\/#website\",\"url\":\"https:\/\/prototipo.asrdoq.com.br\/site\/\",\"name\":\"ASR Consultoria\",\"description\":\"\",\"publisher\":{\"@id\":\"https:\/\/prototipo.asrdoq.com.br\/site\/#organization\"},\"potentialAction\":[{\"@type\":\"SearchAction\",\"target\":{\"@type\":\"EntryPoint\",\"urlTemplate\":\"https:\/\/prototipo.asrdoq.com.br\/site\/?s={search_term_string}\"},\"query-input\":\"required name=search_term_string\"}],\"inLanguage\":\"pt-BR\"},{\"@type\":\"Organization\",\"@id\":\"https:\/\/prototipo.asrdoq.com.br\/site\/#organization\",\"name\":\"ASR Consultoria\",\"url\":\"https:\/\/prototipo.asrdoq.com.br\/site\/\",\"logo\":{\"@type\":\"ImageObject\",\"inLanguage\":\"pt-BR\",\"@id\":\"https:\/\/prototipo.asrdoq.com.br\/site\/#\/schema\/logo\/image\/\",\"url\":\"https:\/\/asrconsultoria.com.br\/wp-content\/uploads\/2016\/03\/Logo_ASR-1.png\",\"contentUrl\":\"https:\/\/asrconsultoria.com.br\/wp-content\/uploads\/2016\/03\/Logo_ASR-1.png\",\"width\":402,\"height\":185,\"caption\":\"ASR Consultoria\"},\"image\":{\"@id\":\"https:\/\/prototipo.asrdoq.com.br\/site\/#\/schema\/logo\/image\/\"}}]}<\/script>\n<!-- \/ Yoast SEO plugin. -->","yoast_head_json":{"title":"ESG - Environmental, Social and Governance - ASR Consultoria","robots":{"index":"index","follow":"follow","max-snippet":"max-snippet:-1","max-image-preview":"max-image-preview:large","max-video-preview":"max-video-preview:-1"},"canonical":"https:\/\/prototipo.asrdoq.com.br\/site\/?page_id=5962","og_locale":"pt_BR","og_type":"article","og_title":"ESG - Environmental, Social and Governance - ASR Consultoria","og_description":"Formas de atua\u00e7\u00e3o da ASR A ASR acompanha a organiza\u00e7\u00e3o em seu caminho sustent\u00e1vel, oferecendo todo o suporte necess\u00e1rio desde a avalia\u00e7\u00e3o inicial, entendimento dos objetivos da empresa quanto a sustentabilidade, planejamento das a\u00e7\u00f5es e implementa\u00e7\u00e3o do ESG. Os servi\u00e7os oferecidos envolvem gest\u00e3o de riscos, compliance, tecnologias, indicadores, consultoria para [&hellip;]","og_url":"https:\/\/prototipo.asrdoq.com.br\/site\/?page_id=5962","og_site_name":"ASR Consultoria","article_modified_time":"2025-03-06T20:30:33+00:00","og_image":[{"width":1900,"height":508,"url":"https:\/\/prototipo.asrdoq.com.br\/site\/wp-content\/uploads\/2022\/01\/Banner-ESG.png","type":"image\/png"}],"twitter_card":"summary_large_image","twitter_misc":{"Est. tempo de leitura":"4 minutos"},"schema":{"@context":"https:\/\/schema.org","@graph":[{"@type":"WebPage","@id":"https:\/\/prototipo.asrdoq.com.br\/site\/?page_id=5962","url":"https:\/\/prototipo.asrdoq.com.br\/site\/?page_id=5962","name":"ESG - Environmental, Social and Governance - ASR Consultoria","isPartOf":{"@id":"https:\/\/prototipo.asrdoq.com.br\/site\/#website"},"datePublished":"2022-01-03T16:18:20+00:00","dateModified":"2025-03-06T20:30:33+00:00","breadcrumb":{"@id":"https:\/\/prototipo.asrdoq.com.br\/site\/?page_id=5962#breadcrumb"},"inLanguage":"pt-BR","potentialAction":[{"@type":"ReadAction","target":["https:\/\/prototipo.asrdoq.com.br\/site\/?page_id=5962"]}]},{"@type":"BreadcrumbList","@id":"https:\/\/prototipo.asrdoq.com.br\/site\/?page_id=5962#breadcrumb","itemListElement":[{"@type":"ListItem","position":1,"name":"In\u00edcio","item":"https:\/\/prototipo.asrdoq.com.br\/site\/"},{"@type":"ListItem","position":2,"name":"ESG &#8211; Environmental, Social and Governance"}]},{"@type":"WebSite","@id":"https:\/\/prototipo.asrdoq.com.br\/site\/#website","url":"https:\/\/prototipo.asrdoq.com.br\/site\/","name":"ASR Consultoria","description":"","publisher":{"@id":"https:\/\/prototipo.asrdoq.com.br\/site\/#organization"},"potentialAction":[{"@type":"SearchAction","target":{"@type":"EntryPoint","urlTemplate":"https:\/\/prototipo.asrdoq.com.br\/site\/?s={search_term_string}"},"query-input":"required name=search_term_string"}],"inLanguage":"pt-BR"},{"@type":"Organization","@id":"https:\/\/prototipo.asrdoq.com.br\/site\/#organization","name":"ASR Consultoria","url":"https:\/\/prototipo.asrdoq.com.br\/site\/","logo":{"@type":"ImageObject","inLanguage":"pt-BR","@id":"https:\/\/prototipo.asrdoq.com.br\/site\/#\/schema\/logo\/image\/","url":"https:\/\/asrconsultoria.com.br\/wp-content\/uploads\/2016\/03\/Logo_ASR-1.png","contentUrl":"https:\/\/asrconsultoria.com.br\/wp-content\/uploads\/2016\/03\/Logo_ASR-1.png","width":402,"height":185,"caption":"ASR Consultoria"},"image":{"@id":"https:\/\/prototipo.asrdoq.com.br\/site\/#\/schema\/logo\/image\/"}}]}},"_links":{"self":[{"href":"https:\/\/prototipo.asrdoq.com.br\/site\/index.php?rest_route=\/wp\/v2\/pages\/5962","targetHints":{"allow":["GET"]}}],"collection":[{"href":"https:\/\/prototipo.asrdoq.com.br\/site\/index.php?rest_route=\/wp\/v2\/pages"}],"about":[{"href":"https:\/\/prototipo.asrdoq.com.br\/site\/index.php?rest_route=\/wp\/v2\/types\/page"}],"author":[{"embeddable":true,"href":"https:\/\/prototipo.asrdoq.com.br\/site\/index.php?rest_route=\/wp\/v2\/users\/18"}],"replies":[{"embeddable":true,"href":"https:\/\/prototipo.asrdoq.com.br\/site\/index.php?rest_route=%2Fwp%2Fv2%2Fcomments&post=5962"}],"version-history":[{"count":0,"href":"https:\/\/prototipo.asrdoq.com.br\/site\/index.php?rest_route=\/wp\/v2\/pages\/5962\/revisions"}],"wp:featuredmedia":[{"embeddable":true,"href":"https:\/\/prototipo.asrdoq.com.br\/site\/index.php?rest_route=\/wp\/v2\/media\/6006"}],"wp:attachment":[{"href":"https:\/\/prototipo.asrdoq.com.br\/site\/index.php?rest_route=%2Fwp%2Fv2%2Fmedia&parent=5962"}],"curies":[{"name":"wp","href":"https:\/\/api.w.org\/{rel}","templated":true}]}}