{"id":54,"date":"2016-03-03T19:00:40","date_gmt":"2016-03-03T19:00:40","guid":{"rendered":"http:\/\/asrconsultoria.com.br\/?page_id=54"},"modified":"2025-01-15T18:41:32","modified_gmt":"2025-01-15T18:41:32","slug":"contato","status":"publish","type":"page","link":"https:\/\/prototipo.asrdoq.com.br\/site\/?page_id=54","title":{"rendered":"Contato"},"content":{"rendered":"\t\t<div data-elementor-type=\"wp-page\" data-elementor-id=\"54\" class=\"elementor elementor-54\">\n\t\t\t\t\t\t<section class=\"elementor-section elementor-top-section elementor-element elementor-element-247888bc elementor-section-boxed elementor-section-height-default elementor-section-height-default\" data-id=\"247888bc\" data-element_type=\"section\" data-e-type=\"section\">\n\t\t\t\t\t\t<div class=\"elementor-container elementor-column-gap-default\">\n\t\t\t\t\t<div class=\"elementor-column elementor-col-100 elementor-top-column elementor-element elementor-element-4bf6f359\" data-id=\"4bf6f359\" data-element_type=\"column\" data-e-type=\"column\">\n\t\t\t<div class=\"elementor-widget-wrap elementor-element-populated\">\n\t\t\t\t\t\t<div class=\"elementor-element elementor-element-695a501e elementor-widget elementor-widget-text-editor\" data-id=\"695a501e\" data-element_type=\"widget\" data-e-type=\"widget\" data-widget_type=\"text-editor.default\">\n\t\t\t\t<div class=\"elementor-widget-container\">\n\t\t\t\t\t\t\t\t\t<h3><span style=\"color: #55d94c;\"><strong>Fale Conosco<\/strong><\/span><\/h3>\n<p><div class=\"row \"><br \/><div class=\"col-lg-12 col-md-12 col-xs-12 col-sm-12\"><\/p>\n<p><strong><i class=\" glyphicon glyphicon-earphone \" style=\"\"><\/i>\u00a0 Tel:<\/strong> \u00a0(11) 99982-4118<\/p>\n<p><strong><i class=\" glyphicon glyphicon-envelope \" style=\"color:#0166bf;\"><\/i>\u00a0\u00a0<\/strong><strong>e-mail:<\/strong> contatos@prototipo.asrdoq.com.br\/site<\/p>\n<p><i class=\" fa fa-comment-o \" style=\"color:#81d742;\"><\/i>\u00a0 WhatsApp: (11) 99982-4118<\/p>\n<p><\/p>\n<hr \/>\n<p><\/div><\/p>\n<p><\/div><\/p>\n<p><div class=\"row \"><\/p>\n<p><div class=\"col-lg-5 col-md-5 col-xs-12 col-sm-12\"><\/p>\n<h4 align=\"left\"><span style=\"color: #55d94c;\"><b><span style=\"color: #333399;\"><span style=\"color: #008000;\">MOGI DAS CRUZES<\/span>\u00a0 \u00a0<\/span> \u00a0 \u00a0 \u00a0 \u00a0 \u00a0 \u00a0 \u00a0 \u00a0 \u00a0 \u00a0 \u00a0 \u00a0 \u00a0 \u00a0 \u00a0 \u00a0 \u00a0 \u00a0 \u00a0 \u00a0 \u00a0 \u00a0 \u00a0 \u00a0 \u00a0 \u00a0 \u00a0 \u00a0<\/b><\/span><\/h4>\n<p align=\"left\"><strong><\/div><\/strong><\/p>\n<p align=\"left\"><\/div><\/p>\n<p>Rua Deodato Wertheimer, 1352 \u2013 Conj 11<br \/>Centro \u2013 Mogi das Cruzes \u2013 SP<br \/>CEP 08710-430<\/p>\n<p><div class=\"row \"><\/p>\n<p><iframe width=\"90%\" height=\"300\" src=\"https:\/\/www.google.com\/maps\/embed?pb=!1m14!1m8!1m3!1d3658.2689673121595!2d-46.194746800000004!3d-23.5228266!3m2!1i1024!2i768!4f13.1!3m3!1m2!1s0x94cdd81473de641b%3A0xdfc330dac5158d4d!2sR.+Dr.+Deodato+Wertheimer%2C+1352+-+Centro%2C+Mogi+das+Cruzes+-+SP%2C+Brasil!5e0!3m2!1spt-BR!2sbr!4v1422457671327\" frameborder=\"0\" data-mce-fragment=\"1\"><\/iframe><\/p>\n<p><\/div><\/p>\n<h5><div class=\"row \"><br \/><div class=\"col-lg-2 col-md-12 col-xs-12 col-sm-12\"><\/h5>\n<p>\u00a0 \u00a0\u00a0\u00a0<img decoding=\"async\" class=\"alignleft wp-image-1899\" src=\"http:\/\/prototipo.asrdoq.com.br\/site\/wp-content\/uploads\/2016\/03\/icone-contato.png\" alt=\"\u00cdcone simbolizando contato\" width=\"100\" height=\"94\" srcset=\"https:\/\/prototipo.asrdoq.com.br\/site\/wp-content\/uploads\/2016\/03\/icone-contato.png 500w, https:\/\/prototipo.asrdoq.com.br\/site\/wp-content\/uploads\/2016\/03\/icone-contato-300x281.png 300w\" sizes=\"(max-width: 100px) 100vw, 100px\" \/><\/p>\n<p style=\"text-align: left;\"><\/div><div class=\"col-lg-10 col-md-12 col-xs-12 col-sm-12\"><\/p>\n<p style=\"text-align: left;\"><strong>Solicite informa\u00e7\u00f5es\/ Agende uma visita<\/strong><\/p>\n<p style=\"text-align: left;\">\u00a0 \u00a0 \u00a0 \u00a0 \u00a0 \u00a0 \u00a0 \u00a0 \u00a0 \u00a0 \u00a0 \u00a0 \u00a0 \u00a0 \u00a0 \u00a0 \u00a0 \u00a0 \u00a0 \u00a0 \u00a0 \u00a0 \u00a0 \u00a0 \u00a0 \u00a0 \u00a0 \u00a0 \u00a0 \n<div class=\"wpcf7 no-js\" id=\"wpcf7-f1064-o1\" lang=\"pt-BR\" dir=\"ltr\" data-wpcf7-id=\"1064\">\n<div class=\"screen-reader-response\"><p role=\"status\" aria-live=\"polite\" aria-atomic=\"true\"><\/p> <ul><\/ul><\/div>\n<form action=\"\/site\/index.php?rest_route=%2Fwp%2Fv2%2Fpages%2F54#wpcf7-f1064-o1\" method=\"post\" class=\"wpcf7-form init\" aria-label=\"Formul\u00e1rios de contato\" novalidate=\"novalidate\" data-status=\"init\">\n<fieldset class=\"hidden-fields-container\"><input type=\"hidden\" name=\"_wpcf7\" value=\"1064\" \/><input type=\"hidden\" name=\"_wpcf7_version\" value=\"6.1.5\" \/><input type=\"hidden\" name=\"_wpcf7_locale\" value=\"pt_BR\" \/><input type=\"hidden\" name=\"_wpcf7_unit_tag\" value=\"wpcf7-f1064-o1\" \/><input type=\"hidden\" name=\"_wpcf7_container_post\" value=\"0\" \/><input type=\"hidden\" name=\"_wpcf7_posted_data_hash\" value=\"\" \/><input type=\"hidden\" name=\"_wpcf7_recaptcha_response\" value=\"\" \/>\n<\/fieldset>\n<p>Seu nome (obrigat\u00f3rio)\n<\/p>\n<p><span class=\"wpcf7-form-control-wrap\" data-name=\"your-name\"><input size=\"40\" maxlength=\"400\" class=\"wpcf7-form-control wpcf7-text wpcf7-validates-as-required\" aria-required=\"true\" aria-invalid=\"false\" value=\"\" type=\"text\" name=\"your-name\" \/><\/span>\n<\/p>\n<p>Seu e-mail (obrigat\u00f3rio)\n<\/p>\n<p><span class=\"wpcf7-form-control-wrap\" data-name=\"your-email\"><input size=\"40\" maxlength=\"400\" class=\"wpcf7-form-control wpcf7-email wpcf7-validates-as-required wpcf7-text wpcf7-validates-as-email\" aria-required=\"true\" aria-invalid=\"false\" value=\"\" type=\"email\" name=\"your-email\" \/><\/span>\n<\/p>\n<p>Assunto\n<\/p>\n<p><span class=\"wpcf7-form-control-wrap\" data-name=\"your-subject\"><input size=\"40\" maxlength=\"400\" class=\"wpcf7-form-control wpcf7-text\" aria-invalid=\"false\" value=\"\" type=\"text\" name=\"your-subject\" \/><\/span>\n<\/p>\n<p>Sua mensagem\n<\/p>\n<p><span class=\"wpcf7-form-control-wrap\" data-name=\"your-message\"><textarea cols=\"40\" rows=\"10\" maxlength=\"2000\" class=\"wpcf7-form-control wpcf7-textarea\" aria-invalid=\"false\" name=\"your-message\"><\/textarea><\/span>\n<\/p>\n\n<p><span class=\"wpcf7-form-control-wrap\" data-name=\"accept-this-1\"><span class=\"wpcf7-form-control wpcf7-acceptance\"><span class=\"wpcf7-list-item\"><label><input type=\"checkbox\" name=\"accept-this-1\" value=\"1\" aria-invalid=\"false\" \/><span class=\"wpcf7-list-item-label\">Confirmo que li e estou de acordo com a <a href='https:\/\/prototipo.asrdoq.com.br\/site\/index.php\/politica-de-privacidade\/' target='_blank'>Pol\u00edtica de Privacidade da ASR Consultoria<\/a><\/span><\/label><\/span><\/span><\/span>\n<\/p>\n<p><input class=\"wpcf7-form-control wpcf7-submit has-spinner\" type=\"submit\" value=\"Enviar\" \/>\n<\/p><div class=\"wpcf7-response-output\" aria-hidden=\"true\"><\/div>\n<\/form>\n<\/div>\n<\/div><\/div><\/p>\n<h5><\/h5>\n<h5><\/h5>\n<h5><\/h5>\n<p><\/p>\n<h5><\/h5>\n<p><\/p>\n<p><\/p>\n<p><\/p>\t\t\t\t\t\t\t\t<\/div>\n\t\t\t\t<\/div>\n\t\t\t\t\t<\/div>\n\t\t<\/div>\n\t\t\t\t\t<\/div>\n\t\t<\/section>\n\t\t\t\t<\/div>\n\t\t","protected":false},"excerpt":{"rendered":"<p>Fale Conosco Rua Deodato Wertheimer, 1352 \u2013 Conj 11Centro \u2013 Mogi das Cruzes \u2013 SPCEP 08710-430<\/p>\n","protected":false},"author":5,"featured_media":6263,"parent":0,"menu_order":0,"comment_status":"closed","ping_status":"closed","template":"page-templates\/template-fullwidth.php","meta":{"_joinchat":[],"footnotes":""},"class_list":["post-54","page","type-page","status-publish","has-post-thumbnail","hentry"],"yoast_head":"<!-- This site is optimized with the Yoast SEO plugin v21.5 - https:\/\/yoast.com\/wordpress\/plugins\/seo\/ -->\n<title>Contato - ASR Consultoria<\/title>\n<meta name=\"description\" content=\"Fale Conosco Email: contatos@prototipo.asrdoq.com.br\/site (11) 2629-0610 MOGI DAS CRUZES (SP) Rua Deodato Wertheimer, 1352 - Centro \/ S\u00c3O PAULO (SP). Solicite informa\u00e7\u00f5es, entre em contato ou agende uma visita.\" \/>\n<meta name=\"robots\" content=\"index, follow, max-snippet:-1, max-image-preview:large, max-video-preview:-1\" \/>\n<link rel=\"canonical\" href=\"https:\/\/prototipo.asrdoq.com.br\/site\/?page_id=54\" \/>\n<meta property=\"og:locale\" content=\"pt_BR\" \/>\n<meta property=\"og:type\" content=\"article\" \/>\n<meta property=\"og:title\" content=\"Contato - ASR Consultoria\" \/>\n<meta property=\"og:description\" content=\"Fale Conosco Email: contatos@prototipo.asrdoq.com.br\/site (11) 2629-0610 MOGI DAS CRUZES (SP) Rua Deodato Wertheimer, 1352 - Centro \/ S\u00c3O PAULO (SP). Solicite informa\u00e7\u00f5es, entre em contato ou agende uma visita.\" \/>\n<meta property=\"og:url\" content=\"https:\/\/prototipo.asrdoq.com.br\/site\/?page_id=54\" \/>\n<meta property=\"og:site_name\" content=\"ASR Consultoria\" \/>\n<meta property=\"article:modified_time\" content=\"2025-01-15T18:41:32+00:00\" \/>\n<meta property=\"og:image\" content=\"https:\/\/prototipo.asrdoq.com.br\/site\/wp-content\/uploads\/2022\/02\/Banner-CONTATO-3.png\" \/>\n\t<meta property=\"og:image:width\" content=\"1900\" \/>\n\t<meta property=\"og:image:height\" content=\"508\" \/>\n\t<meta property=\"og:image:type\" content=\"image\/png\" \/>\n<meta name=\"twitter:card\" content=\"summary_large_image\" \/>\n<meta name=\"twitter:label1\" content=\"Est. tempo de leitura\" \/>\n\t<meta name=\"twitter:data1\" content=\"1 minuto\" \/>\n<script type=\"application\/ld+json\" class=\"yoast-schema-graph\">{\"@context\":\"https:\/\/schema.org\",\"@graph\":[{\"@type\":\"WebPage\",\"@id\":\"https:\/\/prototipo.asrdoq.com.br\/site\/?page_id=54\",\"url\":\"https:\/\/prototipo.asrdoq.com.br\/site\/?page_id=54\",\"name\":\"Contato - ASR Consultoria\",\"isPartOf\":{\"@id\":\"https:\/\/prototipo.asrdoq.com.br\/site\/#website\"},\"datePublished\":\"2016-03-03T19:00:40+00:00\",\"dateModified\":\"2025-01-15T18:41:32+00:00\",\"description\":\"Fale Conosco Email: contatos@prototipo.asrdoq.com.br\/site (11) 2629-0610 MOGI DAS CRUZES (SP) Rua Deodato Wertheimer, 1352 - Centro \/ S\u00c3O PAULO (SP). Solicite informa\u00e7\u00f5es, entre em contato ou agende uma visita.\",\"breadcrumb\":{\"@id\":\"https:\/\/prototipo.asrdoq.com.br\/site\/?page_id=54#breadcrumb\"},\"inLanguage\":\"pt-BR\",\"potentialAction\":[{\"@type\":\"ReadAction\",\"target\":[\"https:\/\/prototipo.asrdoq.com.br\/site\/?page_id=54\"]}]},{\"@type\":\"BreadcrumbList\",\"@id\":\"https:\/\/prototipo.asrdoq.com.br\/site\/?page_id=54#breadcrumb\",\"itemListElement\":[{\"@type\":\"ListItem\",\"position\":1,\"name\":\"In\u00edcio\",\"item\":\"https:\/\/prototipo.asrdoq.com.br\/site\/\"},{\"@type\":\"ListItem\",\"position\":2,\"name\":\"Contato\"}]},{\"@type\":\"WebSite\",\"@id\":\"https:\/\/prototipo.asrdoq.com.br\/site\/#website\",\"url\":\"https:\/\/prototipo.asrdoq.com.br\/site\/\",\"name\":\"ASR Consultoria\",\"description\":\"\",\"publisher\":{\"@id\":\"https:\/\/prototipo.asrdoq.com.br\/site\/#organization\"},\"potentialAction\":[{\"@type\":\"SearchAction\",\"target\":{\"@type\":\"EntryPoint\",\"urlTemplate\":\"https:\/\/prototipo.asrdoq.com.br\/site\/?s={search_term_string}\"},\"query-input\":\"required name=search_term_string\"}],\"inLanguage\":\"pt-BR\"},{\"@type\":\"Organization\",\"@id\":\"https:\/\/prototipo.asrdoq.com.br\/site\/#organization\",\"name\":\"ASR Consultoria\",\"url\":\"https:\/\/prototipo.asrdoq.com.br\/site\/\",\"logo\":{\"@type\":\"ImageObject\",\"inLanguage\":\"pt-BR\",\"@id\":\"https:\/\/prototipo.asrdoq.com.br\/site\/#\/schema\/logo\/image\/\",\"url\":\"https:\/\/asrconsultoria.com.br\/wp-content\/uploads\/2016\/03\/Logo_ASR-1.png\",\"contentUrl\":\"https:\/\/asrconsultoria.com.br\/wp-content\/uploads\/2016\/03\/Logo_ASR-1.png\",\"width\":402,\"height\":185,\"caption\":\"ASR Consultoria\"},\"image\":{\"@id\":\"https:\/\/prototipo.asrdoq.com.br\/site\/#\/schema\/logo\/image\/\"}}]}<\/script>\n<!-- \/ Yoast SEO plugin. -->","yoast_head_json":{"title":"Contato - ASR Consultoria","description":"Fale Conosco Email: contatos@prototipo.asrdoq.com.br\/site (11) 2629-0610 MOGI DAS CRUZES (SP) Rua Deodato Wertheimer, 1352 - Centro \/ S\u00c3O PAULO (SP). Solicite informa\u00e7\u00f5es, entre em contato ou agende uma visita.","robots":{"index":"index","follow":"follow","max-snippet":"max-snippet:-1","max-image-preview":"max-image-preview:large","max-video-preview":"max-video-preview:-1"},"canonical":"https:\/\/prototipo.asrdoq.com.br\/site\/?page_id=54","og_locale":"pt_BR","og_type":"article","og_title":"Contato - ASR Consultoria","og_description":"Fale Conosco Email: contatos@prototipo.asrdoq.com.br\/site (11) 2629-0610 MOGI DAS CRUZES (SP) Rua Deodato Wertheimer, 1352 - Centro \/ S\u00c3O PAULO (SP). Solicite informa\u00e7\u00f5es, entre em contato ou agende uma visita.","og_url":"https:\/\/prototipo.asrdoq.com.br\/site\/?page_id=54","og_site_name":"ASR Consultoria","article_modified_time":"2025-01-15T18:41:32+00:00","og_image":[{"width":1900,"height":508,"url":"https:\/\/prototipo.asrdoq.com.br\/site\/wp-content\/uploads\/2022\/02\/Banner-CONTATO-3.png","type":"image\/png"}],"twitter_card":"summary_large_image","twitter_misc":{"Est. tempo de leitura":"1 minuto"},"schema":{"@context":"https:\/\/schema.org","@graph":[{"@type":"WebPage","@id":"https:\/\/prototipo.asrdoq.com.br\/site\/?page_id=54","url":"https:\/\/prototipo.asrdoq.com.br\/site\/?page_id=54","name":"Contato - ASR Consultoria","isPartOf":{"@id":"https:\/\/prototipo.asrdoq.com.br\/site\/#website"},"datePublished":"2016-03-03T19:00:40+00:00","dateModified":"2025-01-15T18:41:32+00:00","description":"Fale Conosco Email: contatos@prototipo.asrdoq.com.br\/site (11) 2629-0610 MOGI DAS CRUZES (SP) Rua Deodato Wertheimer, 1352 - Centro \/ S\u00c3O PAULO (SP). Solicite informa\u00e7\u00f5es, entre em contato ou agende uma visita.","breadcrumb":{"@id":"https:\/\/prototipo.asrdoq.com.br\/site\/?page_id=54#breadcrumb"},"inLanguage":"pt-BR","potentialAction":[{"@type":"ReadAction","target":["https:\/\/prototipo.asrdoq.com.br\/site\/?page_id=54"]}]},{"@type":"BreadcrumbList","@id":"https:\/\/prototipo.asrdoq.com.br\/site\/?page_id=54#breadcrumb","itemListElement":[{"@type":"ListItem","position":1,"name":"In\u00edcio","item":"https:\/\/prototipo.asrdoq.com.br\/site\/"},{"@type":"ListItem","position":2,"name":"Contato"}]},{"@type":"WebSite","@id":"https:\/\/prototipo.asrdoq.com.br\/site\/#website","url":"https:\/\/prototipo.asrdoq.com.br\/site\/","name":"ASR Consultoria","description":"","publisher":{"@id":"https:\/\/prototipo.asrdoq.com.br\/site\/#organization"},"potentialAction":[{"@type":"SearchAction","target":{"@type":"EntryPoint","urlTemplate":"https:\/\/prototipo.asrdoq.com.br\/site\/?s={search_term_string}"},"query-input":"required name=search_term_string"}],"inLanguage":"pt-BR"},{"@type":"Organization","@id":"https:\/\/prototipo.asrdoq.com.br\/site\/#organization","name":"ASR Consultoria","url":"https:\/\/prototipo.asrdoq.com.br\/site\/","logo":{"@type":"ImageObject","inLanguage":"pt-BR","@id":"https:\/\/prototipo.asrdoq.com.br\/site\/#\/schema\/logo\/image\/","url":"https:\/\/asrconsultoria.com.br\/wp-content\/uploads\/2016\/03\/Logo_ASR-1.png","contentUrl":"https:\/\/asrconsultoria.com.br\/wp-content\/uploads\/2016\/03\/Logo_ASR-1.png","width":402,"height":185,"caption":"ASR Consultoria"},"image":{"@id":"https:\/\/prototipo.asrdoq.com.br\/site\/#\/schema\/logo\/image\/"}}]}},"_links":{"self":[{"href":"https:\/\/prototipo.asrdoq.com.br\/site\/index.php?rest_route=\/wp\/v2\/pages\/54","targetHints":{"allow":["GET"]}}],"collection":[{"href":"https:\/\/prototipo.asrdoq.com.br\/site\/index.php?rest_route=\/wp\/v2\/pages"}],"about":[{"href":"https:\/\/prototipo.asrdoq.com.br\/site\/index.php?rest_route=\/wp\/v2\/types\/page"}],"author":[{"embeddable":true,"href":"https:\/\/prototipo.asrdoq.com.br\/site\/index.php?rest_route=\/wp\/v2\/users\/5"}],"replies":[{"embeddable":true,"href":"https:\/\/prototipo.asrdoq.com.br\/site\/index.php?rest_route=%2Fwp%2Fv2%2Fcomments&post=54"}],"version-history":[{"count":0,"href":"https:\/\/prototipo.asrdoq.com.br\/site\/index.php?rest_route=\/wp\/v2\/pages\/54\/revisions"}],"wp:featuredmedia":[{"embeddable":true,"href":"https:\/\/prototipo.asrdoq.com.br\/site\/index.php?rest_route=\/wp\/v2\/media\/6263"}],"wp:attachment":[{"href":"https:\/\/prototipo.asrdoq.com.br\/site\/index.php?rest_route=%2Fwp%2Fv2%2Fmedia&parent=54"}],"curies":[{"name":"wp","href":"https:\/\/api.w.org\/{rel}","templated":true}]}}