{"id":52,"date":"2016-03-03T19:00:27","date_gmt":"2016-03-03T19:00:27","guid":{"rendered":"http:\/\/asrconsultoria.com.br\/?page_id=52"},"modified":"2022-09-29T12:52:37","modified_gmt":"2022-09-29T12:52:37","slug":"casos-de-sucesso","status":"publish","type":"page","link":"https:\/\/prototipo.asrdoq.com.br\/site\/?page_id=52","title":{"rendered":"Casos de Sucesso"},"content":{"rendered":"<p>&nbsp;<\/p>\n<p style=\"font-size: 14pt;\"><span style=\"color: #000000;\">Desde sua funda\u00e7\u00e3o em 2002, <strong>ASR Consultoria<\/strong> atua em todo territ\u00f3rio nacional, atendendo empresas de todos os portes e segmentos, contribuindo para a melhoria na produtividade, qualidade, cumprimento de prazos e redu\u00e7\u00e3o de custos.<\/span><\/p>\n<div class=\"row \"><\/p>\n<p><div class=\"col-lg-4 col-md-12 col-xs-12 col-sm-12\">\n<div class=\"panel panel-default \">\n<div class=\"panel-heading\"><\/p>\n<p style=\"text-align: center;\"><strong><span style=\"color: #ff0000; font-size: 30pt;\"><span style=\"color: #000000;\">20+<\/span><\/span><\/strong><\/p>\n<p style=\"text-align: center;\"><span style=\"color: #000000;\">Mais de 20 anos de atua\u00e7\u00e3o<\/span><\/p>\n<p><\/div>\n<\/div><\/div>\n<div class=\"col-lg-4 col-md-12 col-xs-12 col-sm-12\">\n<div class=\"panel panel-default \">\n<div class=\"panel-heading\"><\/p>\n<p style=\"text-align: center;\"><span style=\"color: #000000;\"><strong><span style=\"font-size: 30pt;\">350+<\/span><\/strong><\/span><\/p>\n<p style=\"text-align: center;\"><span style=\"color: #000000;\">Clientes<\/span><\/p>\n<p><\/div>\n<\/div><\/div>\n<div class=\"col-lg-4 col-md-12 col-xs-12 col-sm-12\">\n<div class=\"panel panel-default \">\n<div class=\"panel-heading\"><\/p>\n<p style=\"text-align: center;\"><span style=\"color: #000000;\"><strong><span style=\"font-size: 30pt;\">100+<\/span><\/strong><\/span><\/p>\n<p style=\"text-align: center;\"><span style=\"color: #000000;\">Cidades<\/span><\/p>\n<p><\/div>\n<\/div><\/div><\/div>\n<div class=\"row \"><div class=\"col-lg-4 col-md-12 col-xs-12 col-sm-12\">\n<div class=\"panel panel-default \">\n<div class=\"panel-heading\"><\/p>\n<p style=\"text-align: center;\"><span style=\"color: #000000;\"><strong><span style=\"font-size: 30pt;\">150+<\/span><\/strong><\/span><\/p>\n<p style=\"text-align: center;\"><span style=\"color: #000000;\">Implementa\u00e7\u00f5es MPS.BR<\/span><\/p>\n<p style=\"text-align: left;\"><\/div>\n<\/div><\/div>\n<div class=\"col-lg-4 col-md-12 col-xs-12 col-sm-12\">\n<div class=\"panel panel-default \">\n<div class=\"panel-heading\"><\/p>\n<p style=\"text-align: center;\"><strong><span style=\"color: #ff0000; font-size: 30pt;\"><span style=\"color: #000000;\">100+<\/span>\u00a0<\/span><\/strong><\/p>\n<p style=\"text-align: center;\"><span style=\"color: #000000;\">Portais de processos<\/span><\/p>\n<p><\/div>\n<\/div><\/div>\n<div class=\"col-lg-4 col-md-12 col-xs-12 col-sm-12\">\n<div class=\"panel panel-default \">\n<div class=\"panel-heading\"><\/p>\n<p style=\"text-align: center;\"><span style=\"color: #000000;\"><strong><span style=\"font-size: 30pt;\">1000+<\/span><\/strong><\/span><\/p>\n<p style=\"text-align: center;\"><span style=\"color: #000000;\">Horas de auditorias<\/span><\/p>\n<p><\/div>\n<\/div><\/div><\/div>\n<p>&nbsp;<\/p>\n<h2 style=\"text-align: center;\"><span style=\"color: #800000;\"><strong>Segmentos de atua\u00e7\u00e3o<\/strong><\/span><\/h2>\n<div class=\"row \"><div class=\"col-lg-3 col-md-12 col-xs-12 col-sm-12\"><\/p>\n<p><img fetchpriority=\"high\" decoding=\"async\" class=\"aligncenter wp-image-5586 size-medium\" src=\"http:\/\/prototipo.asrdoq.com.br\/site\/wp-content\/uploads\/2021\/04\/Segmentos-Educacao-300x200.png\" alt=\"\" width=\"300\" height=\"200\" srcset=\"https:\/\/prototipo.asrdoq.com.br\/site\/wp-content\/uploads\/2021\/04\/Segmentos-Educacao-300x200.png 300w, https:\/\/prototipo.asrdoq.com.br\/site\/wp-content\/uploads\/2021\/04\/Segmentos-Educacao-768x512.png 768w, https:\/\/prototipo.asrdoq.com.br\/site\/wp-content\/uploads\/2021\/04\/Segmentos-Educacao-732x488.png 732w, https:\/\/prototipo.asrdoq.com.br\/site\/wp-content\/uploads\/2021\/04\/Segmentos-Educacao.png 1000w\" sizes=\"(max-width: 300px) 100vw, 300px\" \/><\/p>\n<p><\/div>\n<div class=\"col-lg-3 col-md-12 col-xs-12 col-sm-12\"><\/p>\n<p><img decoding=\"async\" class=\"aligncenter size-medium wp-image-5591\" src=\"http:\/\/prototipo.asrdoq.com.br\/site\/wp-content\/uploads\/2021\/04\/Segmentos-Servicos-300x200.png\" alt=\"\" width=\"300\" height=\"200\" srcset=\"https:\/\/prototipo.asrdoq.com.br\/site\/wp-content\/uploads\/2021\/04\/Segmentos-Servicos-300x200.png 300w, https:\/\/prototipo.asrdoq.com.br\/site\/wp-content\/uploads\/2021\/04\/Segmentos-Servicos-768x512.png 768w, https:\/\/prototipo.asrdoq.com.br\/site\/wp-content\/uploads\/2021\/04\/Segmentos-Servicos-732x488.png 732w, https:\/\/prototipo.asrdoq.com.br\/site\/wp-content\/uploads\/2021\/04\/Segmentos-Servicos.png 1000w\" sizes=\"(max-width: 300px) 100vw, 300px\" \/><\/p>\n<p><\/div>\n<div class=\"col-lg-3 col-md-12 col-xs-12 col-sm-12\"><\/p>\n<p><img decoding=\"async\" class=\"aligncenter size-medium wp-image-5590\" src=\"http:\/\/prototipo.asrdoq.com.br\/site\/wp-content\/uploads\/2021\/04\/Segmentos-Tecnologia-300x200.png\" alt=\"\" width=\"300\" height=\"200\" srcset=\"https:\/\/prototipo.asrdoq.com.br\/site\/wp-content\/uploads\/2021\/04\/Segmentos-Tecnologia-300x200.png 300w, https:\/\/prototipo.asrdoq.com.br\/site\/wp-content\/uploads\/2021\/04\/Segmentos-Tecnologia-768x512.png 768w, https:\/\/prototipo.asrdoq.com.br\/site\/wp-content\/uploads\/2021\/04\/Segmentos-Tecnologia-732x488.png 732w, https:\/\/prototipo.asrdoq.com.br\/site\/wp-content\/uploads\/2021\/04\/Segmentos-Tecnologia.png 1000w\" sizes=\"(max-width: 300px) 100vw, 300px\" \/><\/p>\n<p><\/div>\n<div class=\"col-lg-3 col-md-12 col-xs-12 col-sm-12\"><\/p>\n<p><img loading=\"lazy\" decoding=\"async\" class=\"aligncenter size-medium wp-image-5589\" src=\"http:\/\/prototipo.asrdoq.com.br\/site\/wp-content\/uploads\/2021\/04\/Segmentos-Financeiro-300x200.png\" alt=\"\" width=\"300\" height=\"200\" srcset=\"https:\/\/prototipo.asrdoq.com.br\/site\/wp-content\/uploads\/2021\/04\/Segmentos-Financeiro-300x200.png 300w, https:\/\/prototipo.asrdoq.com.br\/site\/wp-content\/uploads\/2021\/04\/Segmentos-Financeiro-768x512.png 768w, https:\/\/prototipo.asrdoq.com.br\/site\/wp-content\/uploads\/2021\/04\/Segmentos-Financeiro-732x488.png 732w, https:\/\/prototipo.asrdoq.com.br\/site\/wp-content\/uploads\/2021\/04\/Segmentos-Financeiro.png 1000w\" sizes=\"(max-width: 300px) 100vw, 300px\" \/><\/p>\n<p><\/div>\n<\/div>\n<div class=\"row \"><div class=\"col-lg-3 col-md-12 col-xs-12 col-sm-12\"><\/p>\n<p><img loading=\"lazy\" decoding=\"async\" class=\"aligncenter size-medium wp-image-5588\" src=\"http:\/\/prototipo.asrdoq.com.br\/site\/wp-content\/uploads\/2021\/04\/Segmentos-Industria-300x200.png\" alt=\"\" width=\"300\" height=\"200\" srcset=\"https:\/\/prototipo.asrdoq.com.br\/site\/wp-content\/uploads\/2021\/04\/Segmentos-Industria-300x200.png 300w, https:\/\/prototipo.asrdoq.com.br\/site\/wp-content\/uploads\/2021\/04\/Segmentos-Industria-768x512.png 768w, https:\/\/prototipo.asrdoq.com.br\/site\/wp-content\/uploads\/2021\/04\/Segmentos-Industria-732x488.png 732w, https:\/\/prototipo.asrdoq.com.br\/site\/wp-content\/uploads\/2021\/04\/Segmentos-Industria.png 1000w\" sizes=\"(max-width: 300px) 100vw, 300px\" \/><\/p>\n<p><\/div>\n<div class=\"col-lg-3 col-md-12 col-xs-12 col-sm-12\"><\/p>\n<p><img loading=\"lazy\" decoding=\"async\" class=\"aligncenter size-medium wp-image-5587\" src=\"http:\/\/prototipo.asrdoq.com.br\/site\/wp-content\/uploads\/2021\/04\/Segmentos-Varejo-300x200.png\" alt=\"\" width=\"300\" height=\"200\" srcset=\"https:\/\/prototipo.asrdoq.com.br\/site\/wp-content\/uploads\/2021\/04\/Segmentos-Varejo-300x200.png 300w, https:\/\/prototipo.asrdoq.com.br\/site\/wp-content\/uploads\/2021\/04\/Segmentos-Varejo-768x512.png 768w, https:\/\/prototipo.asrdoq.com.br\/site\/wp-content\/uploads\/2021\/04\/Segmentos-Varejo-732x488.png 732w, https:\/\/prototipo.asrdoq.com.br\/site\/wp-content\/uploads\/2021\/04\/Segmentos-Varejo.png 1000w\" sizes=\"(max-width: 300px) 100vw, 300px\" \/><\/p>\n<p><\/div>\n<div class=\"col-lg-3 col-md-12 col-xs-12 col-sm-12\"><\/p>\n<p><img loading=\"lazy\" decoding=\"async\" class=\"aligncenter size-medium wp-image-5599\" src=\"http:\/\/prototipo.asrdoq.com.br\/site\/wp-content\/uploads\/2021\/04\/Segmentos-Logistica-300x200.png\" alt=\"\" width=\"300\" height=\"200\" srcset=\"https:\/\/prototipo.asrdoq.com.br\/site\/wp-content\/uploads\/2021\/04\/Segmentos-Logistica-300x200.png 300w, https:\/\/prototipo.asrdoq.com.br\/site\/wp-content\/uploads\/2021\/04\/Segmentos-Logistica-768x512.png 768w, https:\/\/prototipo.asrdoq.com.br\/site\/wp-content\/uploads\/2021\/04\/Segmentos-Logistica-732x488.png 732w, https:\/\/prototipo.asrdoq.com.br\/site\/wp-content\/uploads\/2021\/04\/Segmentos-Logistica.png 1000w\" sizes=\"(max-width: 300px) 100vw, 300px\" \/><\/p>\n<p><\/div>\n<div class=\"col-lg-3 col-md-12 col-xs-12 col-sm-12\"><\/p>\n<p><img loading=\"lazy\" decoding=\"async\" class=\"aligncenter size-medium wp-image-5600\" src=\"http:\/\/prototipo.asrdoq.com.br\/site\/wp-content\/uploads\/2021\/04\/Segmentos-Saude-300x200.png\" alt=\"\" width=\"300\" height=\"200\" srcset=\"https:\/\/prototipo.asrdoq.com.br\/site\/wp-content\/uploads\/2021\/04\/Segmentos-Saude-300x200.png 300w, https:\/\/prototipo.asrdoq.com.br\/site\/wp-content\/uploads\/2021\/04\/Segmentos-Saude-768x512.png 768w, https:\/\/prototipo.asrdoq.com.br\/site\/wp-content\/uploads\/2021\/04\/Segmentos-Saude-732x488.png 732w, https:\/\/prototipo.asrdoq.com.br\/site\/wp-content\/uploads\/2021\/04\/Segmentos-Saude.png 1000w\" sizes=\"(max-width: 300px) 100vw, 300px\" \/><\/p>\n<p><\/div>\n<\/div>\n<div class=\"row \"><\/p>\n<p><div class=\"col-lg-4 col-md-12 col-xs-12 col-sm-12\"><\/p>\n<p><img loading=\"lazy\" decoding=\"async\" class=\"aligncenter wp-image-5604\" src=\"http:\/\/prototipo.asrdoq.com.br\/site\/wp-content\/uploads\/2023\/08\/mapa-5-980x1024.png\" alt=\"\" width=\"339\" height=\"355\" srcset=\"https:\/\/prototipo.asrdoq.com.br\/site\/wp-content\/uploads\/2023\/08\/mapa-5-980x1024.png 980w, https:\/\/prototipo.asrdoq.com.br\/site\/wp-content\/uploads\/2023\/08\/mapa-5-287x300.png 287w, https:\/\/prototipo.asrdoq.com.br\/site\/wp-content\/uploads\/2023\/08\/mapa-5-768x802.png 768w, https:\/\/prototipo.asrdoq.com.br\/site\/wp-content\/uploads\/2023\/08\/mapa-5-1470x1536.png 1470w, https:\/\/prototipo.asrdoq.com.br\/site\/wp-content\/uploads\/2023\/08\/mapa-5.png 1570w\" sizes=\"(max-width: 339px) 100vw, 339px\" \/><\/p>\n<p><\/div><\/p>\n<p><div class=\"col-lg-4 col-md-12 col-xs-12 col-sm-12\"><\/p>\n<p style=\"font-size: 10pt;\"><strong>SP<\/strong><br \/>\nS\u00e3o Paulo. Guarulhos.\u00a0Barueri.<br \/>\nSantana do Parna\u00edba. Osasco<br \/>\nSanto Andr\u00e9. S\u00e3o Bernardo. S\u00e3o Caetano. Mau\u00e1.<br \/>\nMogi das Cruzes.\u00a0Suzano.<br \/>\nCampinas. Indaiatuba.\u00a0Piracicaba.<br \/>\nLimeira. Americana. S\u00e3o Carlos. Rio Claro.<br \/>\nRibeir\u00e3o Preto. Sert\u00e3ozinho. Franca.\u00a0Araraquara.<br \/>\nS\u00e3o Joaquim da Barra. Jaboticabal.<br \/>\nBauru. \u00a0Jundia\u00ed. Itu. Tiet\u00ea. Sorocaba.\u00a0Barra Bonita.<br \/>\nS\u00e3o Jos\u00e9 dos Campos.<br \/>\nS\u00e3o Jos\u00e9 do Rio Preto.<br \/>\nAssis. Ara\u00e7atuba. Tup\u00e3.\u00a0Mar\u00edlia.\u00a0Birigui.<br \/>\nPresidente Prudente. Presidente Wenceslau.<br \/>\nSantos. S\u00e3o Vicente. Guaruj\u00e1.<\/p>\n<p style=\"font-size: 10pt;\"><strong>MG<\/strong><br \/>\nBelo Horizonte. Uberl\u00e2ndia. Ita\u00fana. Itajub\u00e1. Divin\u00f3polis<\/p>\n<p><\/div><div class=\"col-lg-2 col-md-12 col-xs-12 col-sm-12\"><\/p>\n<p style=\"font-size: 10pt;\"><strong>RJ<\/strong><br \/>\nRio de Janeiro<\/p>\n<p style=\"font-size: 10pt;\"><strong>SC<\/strong><br \/>\nBlumenau. Joinville<\/p>\n<p style=\"font-size: 10pt;\"><strong>MS<\/strong><br \/>\nCampo Grande<\/p>\n<p style=\"font-size: 10pt;\"><strong>MT<\/strong><br \/>\nCuiab\u00e1<\/p>\n<p style=\"font-size: 10pt;\"><strong>PR<\/strong><br \/>\nCuritiba. Maring\u00e1<\/p>\n<p style=\"font-size: 10pt;\"><strong>GO<\/strong><br \/>\nGoi\u00e2nia. Aparecida de Goi\u00e2nia<\/p>\n<p><\/div><div class=\"col-lg-2 col-md-12 col-xs-12 col-sm-12\"><\/p>\n<p style=\"font-size: 10pt;\"><strong>AL<\/strong><br \/>\nMacei\u00f3<\/p>\n<p style=\"font-size: 10pt;\"><strong>AM<\/strong><br \/>\nManaus<\/p>\n<p style=\"font-size: 10pt;\"><strong>PE<\/strong><br \/>\nRecife<\/p>\n<p style=\"font-size: 10pt;\"><strong>BA<\/strong><br \/>\nSalvador<\/p>\n<p style=\"font-size: 10pt;\"><strong>ES<\/strong><br \/>\nVit\u00f3ria. Vila Velha<\/p>\n<p style=\"font-size: 10pt;\"><strong>DF <\/strong><br \/>\nBras\u00edlia<\/p>\n<p><\/div><\/div>\n","protected":false},"excerpt":{"rendered":"<p>&nbsp; Desde sua funda\u00e7\u00e3o em 2002, ASR Consultoria atua em todo territ\u00f3rio nacional, atendendo empresas de todos os portes e segmentos, contribuindo para a melhoria na produtividade, qualidade, cumprimento de prazos e redu\u00e7\u00e3o de custos. &nbsp; Segmentos de atua\u00e7\u00e3o<\/p>\n","protected":false},"author":5,"featured_media":6168,"parent":0,"menu_order":0,"comment_status":"closed","ping_status":"closed","template":"page-templates\/template-fullwidth.php","meta":{"_joinchat":[],"footnotes":""},"class_list":["post-52","page","type-page","status-publish","has-post-thumbnail","hentry"],"yoast_head":"<!-- This site is optimized with the Yoast SEO plugin v21.5 - https:\/\/yoast.com\/wordpress\/plugins\/seo\/ -->\n<title>Casos de Sucesso - ASR Consultoria<\/title>\n<meta name=\"description\" content=\"A ASR Consultoria possui mais de 300 Casos de Sucesso em todo territ\u00f3rio nacional!\" \/>\n<meta name=\"robots\" content=\"index, follow, max-snippet:-1, max-image-preview:large, max-video-preview:-1\" \/>\n<link rel=\"canonical\" href=\"https:\/\/prototipo.asrdoq.com.br\/site\/?page_id=52\" \/>\n<meta property=\"og:locale\" content=\"pt_BR\" \/>\n<meta property=\"og:type\" content=\"article\" \/>\n<meta property=\"og:title\" content=\"Casos de Sucesso - ASR Consultoria\" \/>\n<meta property=\"og:description\" content=\"A ASR Consultoria possui mais de 300 Casos de Sucesso em todo territ\u00f3rio nacional!\" \/>\n<meta property=\"og:url\" content=\"https:\/\/prototipo.asrdoq.com.br\/site\/?page_id=52\" \/>\n<meta property=\"og:site_name\" content=\"ASR Consultoria\" \/>\n<meta property=\"article:modified_time\" content=\"2022-09-29T12:52:37+00:00\" \/>\n<meta property=\"og:image\" content=\"https:\/\/prototipo.asrdoq.com.br\/site\/wp-content\/uploads\/2022\/02\/Banner-Casos-de-Sucesso-2-1.png\" \/>\n\t<meta property=\"og:image:width\" content=\"1900\" \/>\n\t<meta property=\"og:image:height\" content=\"508\" \/>\n\t<meta property=\"og:image:type\" content=\"image\/png\" \/>\n<meta name=\"twitter:card\" content=\"summary_large_image\" \/>\n<meta name=\"twitter:label1\" content=\"Est. tempo de leitura\" \/>\n\t<meta name=\"twitter:data1\" content=\"2 minutos\" \/>\n<script type=\"application\/ld+json\" class=\"yoast-schema-graph\">{\"@context\":\"https:\/\/schema.org\",\"@graph\":[{\"@type\":\"WebPage\",\"@id\":\"https:\/\/prototipo.asrdoq.com.br\/site\/?page_id=52\",\"url\":\"https:\/\/prototipo.asrdoq.com.br\/site\/?page_id=52\",\"name\":\"Casos de Sucesso - ASR Consultoria\",\"isPartOf\":{\"@id\":\"https:\/\/prototipo.asrdoq.com.br\/site\/#website\"},\"datePublished\":\"2016-03-03T19:00:27+00:00\",\"dateModified\":\"2022-09-29T12:52:37+00:00\",\"description\":\"A ASR Consultoria possui mais de 300 Casos de Sucesso em todo territ\u00f3rio nacional!\",\"breadcrumb\":{\"@id\":\"https:\/\/prototipo.asrdoq.com.br\/site\/?page_id=52#breadcrumb\"},\"inLanguage\":\"pt-BR\",\"potentialAction\":[{\"@type\":\"ReadAction\",\"target\":[\"https:\/\/prototipo.asrdoq.com.br\/site\/?page_id=52\"]}]},{\"@type\":\"BreadcrumbList\",\"@id\":\"https:\/\/prototipo.asrdoq.com.br\/site\/?page_id=52#breadcrumb\",\"itemListElement\":[{\"@type\":\"ListItem\",\"position\":1,\"name\":\"In\u00edcio\",\"item\":\"https:\/\/prototipo.asrdoq.com.br\/site\/\"},{\"@type\":\"ListItem\",\"position\":2,\"name\":\"Casos de Sucesso\"}]},{\"@type\":\"WebSite\",\"@id\":\"https:\/\/prototipo.asrdoq.com.br\/site\/#website\",\"url\":\"https:\/\/prototipo.asrdoq.com.br\/site\/\",\"name\":\"ASR Consultoria\",\"description\":\"\",\"publisher\":{\"@id\":\"https:\/\/prototipo.asrdoq.com.br\/site\/#organization\"},\"potentialAction\":[{\"@type\":\"SearchAction\",\"target\":{\"@type\":\"EntryPoint\",\"urlTemplate\":\"https:\/\/prototipo.asrdoq.com.br\/site\/?s={search_term_string}\"},\"query-input\":\"required name=search_term_string\"}],\"inLanguage\":\"pt-BR\"},{\"@type\":\"Organization\",\"@id\":\"https:\/\/prototipo.asrdoq.com.br\/site\/#organization\",\"name\":\"ASR Consultoria\",\"url\":\"https:\/\/prototipo.asrdoq.com.br\/site\/\",\"logo\":{\"@type\":\"ImageObject\",\"inLanguage\":\"pt-BR\",\"@id\":\"https:\/\/prototipo.asrdoq.com.br\/site\/#\/schema\/logo\/image\/\",\"url\":\"https:\/\/asrconsultoria.com.br\/wp-content\/uploads\/2016\/03\/Logo_ASR-1.png\",\"contentUrl\":\"https:\/\/asrconsultoria.com.br\/wp-content\/uploads\/2016\/03\/Logo_ASR-1.png\",\"width\":402,\"height\":185,\"caption\":\"ASR Consultoria\"},\"image\":{\"@id\":\"https:\/\/prototipo.asrdoq.com.br\/site\/#\/schema\/logo\/image\/\"}}]}<\/script>\n<!-- \/ Yoast SEO plugin. -->","yoast_head_json":{"title":"Casos de Sucesso - ASR Consultoria","description":"A ASR Consultoria possui mais de 300 Casos de Sucesso em todo territ\u00f3rio nacional!","robots":{"index":"index","follow":"follow","max-snippet":"max-snippet:-1","max-image-preview":"max-image-preview:large","max-video-preview":"max-video-preview:-1"},"canonical":"https:\/\/prototipo.asrdoq.com.br\/site\/?page_id=52","og_locale":"pt_BR","og_type":"article","og_title":"Casos de Sucesso - ASR Consultoria","og_description":"A ASR Consultoria possui mais de 300 Casos de Sucesso em todo territ\u00f3rio nacional!","og_url":"https:\/\/prototipo.asrdoq.com.br\/site\/?page_id=52","og_site_name":"ASR Consultoria","article_modified_time":"2022-09-29T12:52:37+00:00","og_image":[{"width":1900,"height":508,"url":"https:\/\/prototipo.asrdoq.com.br\/site\/wp-content\/uploads\/2022\/02\/Banner-Casos-de-Sucesso-2-1.png","type":"image\/png"}],"twitter_card":"summary_large_image","twitter_misc":{"Est. tempo de leitura":"2 minutos"},"schema":{"@context":"https:\/\/schema.org","@graph":[{"@type":"WebPage","@id":"https:\/\/prototipo.asrdoq.com.br\/site\/?page_id=52","url":"https:\/\/prototipo.asrdoq.com.br\/site\/?page_id=52","name":"Casos de Sucesso - ASR Consultoria","isPartOf":{"@id":"https:\/\/prototipo.asrdoq.com.br\/site\/#website"},"datePublished":"2016-03-03T19:00:27+00:00","dateModified":"2022-09-29T12:52:37+00:00","description":"A ASR Consultoria possui mais de 300 Casos de Sucesso em todo territ\u00f3rio nacional!","breadcrumb":{"@id":"https:\/\/prototipo.asrdoq.com.br\/site\/?page_id=52#breadcrumb"},"inLanguage":"pt-BR","potentialAction":[{"@type":"ReadAction","target":["https:\/\/prototipo.asrdoq.com.br\/site\/?page_id=52"]}]},{"@type":"BreadcrumbList","@id":"https:\/\/prototipo.asrdoq.com.br\/site\/?page_id=52#breadcrumb","itemListElement":[{"@type":"ListItem","position":1,"name":"In\u00edcio","item":"https:\/\/prototipo.asrdoq.com.br\/site\/"},{"@type":"ListItem","position":2,"name":"Casos de Sucesso"}]},{"@type":"WebSite","@id":"https:\/\/prototipo.asrdoq.com.br\/site\/#website","url":"https:\/\/prototipo.asrdoq.com.br\/site\/","name":"ASR Consultoria","description":"","publisher":{"@id":"https:\/\/prototipo.asrdoq.com.br\/site\/#organization"},"potentialAction":[{"@type":"SearchAction","target":{"@type":"EntryPoint","urlTemplate":"https:\/\/prototipo.asrdoq.com.br\/site\/?s={search_term_string}"},"query-input":"required name=search_term_string"}],"inLanguage":"pt-BR"},{"@type":"Organization","@id":"https:\/\/prototipo.asrdoq.com.br\/site\/#organization","name":"ASR Consultoria","url":"https:\/\/prototipo.asrdoq.com.br\/site\/","logo":{"@type":"ImageObject","inLanguage":"pt-BR","@id":"https:\/\/prototipo.asrdoq.com.br\/site\/#\/schema\/logo\/image\/","url":"https:\/\/asrconsultoria.com.br\/wp-content\/uploads\/2016\/03\/Logo_ASR-1.png","contentUrl":"https:\/\/asrconsultoria.com.br\/wp-content\/uploads\/2016\/03\/Logo_ASR-1.png","width":402,"height":185,"caption":"ASR Consultoria"},"image":{"@id":"https:\/\/prototipo.asrdoq.com.br\/site\/#\/schema\/logo\/image\/"}}]}},"_links":{"self":[{"href":"https:\/\/prototipo.asrdoq.com.br\/site\/index.php?rest_route=\/wp\/v2\/pages\/52","targetHints":{"allow":["GET"]}}],"collection":[{"href":"https:\/\/prototipo.asrdoq.com.br\/site\/index.php?rest_route=\/wp\/v2\/pages"}],"about":[{"href":"https:\/\/prototipo.asrdoq.com.br\/site\/index.php?rest_route=\/wp\/v2\/types\/page"}],"author":[{"embeddable":true,"href":"https:\/\/prototipo.asrdoq.com.br\/site\/index.php?rest_route=\/wp\/v2\/users\/5"}],"replies":[{"embeddable":true,"href":"https:\/\/prototipo.asrdoq.com.br\/site\/index.php?rest_route=%2Fwp%2Fv2%2Fcomments&post=52"}],"version-history":[{"count":0,"href":"https:\/\/prototipo.asrdoq.com.br\/site\/index.php?rest_route=\/wp\/v2\/pages\/52\/revisions"}],"wp:featuredmedia":[{"embeddable":true,"href":"https:\/\/prototipo.asrdoq.com.br\/site\/index.php?rest_route=\/wp\/v2\/media\/6168"}],"wp:attachment":[{"href":"https:\/\/prototipo.asrdoq.com.br\/site\/index.php?rest_route=%2Fwp%2Fv2%2Fmedia&parent=52"}],"curies":[{"name":"wp","href":"https:\/\/api.w.org\/{rel}","templated":true}]}}