{"id":469,"date":"2016-03-22T17:20:10","date_gmt":"2016-03-22T17:20:10","guid":{"rendered":"http:\/\/asrconsultoria.com.br\/?page_id=469"},"modified":"2025-02-24T20:28:10","modified_gmt":"2025-02-24T20:28:10","slug":"documentacao","status":"publish","type":"page","link":"https:\/\/prototipo.asrdoq.com.br\/site\/?page_id=469","title":{"rendered":"Documenta\u00e7\u00e3o"},"content":{"rendered":"<p><span style=\"color: #ffffff;\"><strong>Documenta\u00e7\u00e3o <\/strong><\/span><\/p>\n<div class=\"row \"><div class=\"col-lg-3 col-md-12 col-xs-12 col-sm-12\"><\/p>\n<p><img decoding=\"async\" class=\"alignnone wp-image-4609\" src=\"http:\/\/prototipo.asrdoq.com.br\/site\/wp-content\/uploads\/2019\/06\/Logo-novo-2-DOQ-30-300x101.png\" alt=\"\" width=\"214\" height=\"72\" srcset=\"https:\/\/prototipo.asrdoq.com.br\/site\/wp-content\/uploads\/2019\/06\/Logo-novo-2-DOQ-30-300x101.png 300w, https:\/\/prototipo.asrdoq.com.br\/site\/wp-content\/uploads\/2019\/06\/Logo-novo-2-DOQ-30-768x258.png 768w, https:\/\/prototipo.asrdoq.com.br\/site\/wp-content\/uploads\/2019\/06\/Logo-novo-2-DOQ-30-732x246.png 732w, https:\/\/prototipo.asrdoq.com.br\/site\/wp-content\/uploads\/2019\/06\/Logo-novo-2-DOQ-30.png 921w\" sizes=\"(max-width: 214px) 100vw, 214px\" \/><\/p>\n<p><\/div>\n<div class=\"col-lg-9 col-md-12 col-xs-12 col-sm-12\"><\/p>\n<h5 align=\"justify\"><span style=\"color: #008080;\"><strong>Documenta\u00e7\u00e3o de Processos e Sistemas<\/strong><\/span><\/h5>\n<p align=\"justify\">A <a href=\"http:\/\/prototipo.asrdoq.com.br\/site\"><strong><span style=\"color: #800000;\"><span style=\"color: #993300;\"><span style=\"color: #ff6600;\">ASR<\/span><\/span><\/span><\/strong><\/a> conta com uma equipe especializada na documenta\u00e7\u00e3o de processos e sistemas.<\/p>\n<p><span style=\"font-weight: 400;\">O trabalho de documenta\u00e7\u00e3o da ASR pode ser usado para melhoria dos processos da empresa, para padroniza\u00e7\u00e3o, treinamento de colaboradores e para fins de organiza\u00e7\u00e3o, ajudando a definir e medir resultados, reduzindo o retrabalho, aumentando a visibilidade e a produtividade.<\/span><\/p>\n<p align=\"justify\"><\/div>\n<\/div>\n<hr \/>\n<div class=\"row \"><div class=\"col-lg-6 col-md-12 col-xs-12 col-sm-12\"><\/p>\n<p><span style=\"color: #008080;\"><strong>Documenta\u00e7\u00e3o de Processos<\/strong><\/span><\/p>\n<p>Documenta\u00e7\u00e3o de processos \u00e9 uma forma de organizar e apresentar da melhor forma os Processos de uma empresa. Este mapeamento possui um detalhamento das atribui\u00e7\u00f5es de cada fun\u00e7\u00e3o, apresentando suas etapas, produtos de trabalho e ferramentas necess\u00e1rias, sendo \u00fatil tamb\u00e9m para a realiza\u00e7\u00e3o de capacita\u00e7\u00e3o e consulta.<\/p>\n<p><\/div>\n<div class=\"col-lg-6 col-md-12 col-xs-12 col-sm-12\">\n<img fetchpriority=\"high\" decoding=\"async\" class=\"wp-image-4567 size-full aligncenter\" src=\"http:\/\/prototipo.asrdoq.com.br\/site\/wp-content\/uploads\/2019\/05\/Imagem5.png\" alt=\"\" width=\"464\" height=\"211\" srcset=\"https:\/\/prototipo.asrdoq.com.br\/site\/wp-content\/uploads\/2019\/05\/Imagem5.png 464w, https:\/\/prototipo.asrdoq.com.br\/site\/wp-content\/uploads\/2019\/05\/Imagem5-300x136.png 300w\" sizes=\"(max-width: 464px) 100vw, 464px\" \/><\/div>\n<\/div>\n<div class=\"row \"><div class=\"col-lg-6 col-md-12 col-xs-12 col-sm-12\"><\/p>\n<p><img decoding=\"async\" class=\"wp-image-4580 size-full aligncenter\" src=\"http:\/\/prototipo.asrdoq.com.br\/site\/wp-content\/uploads\/2019\/05\/doc3-1.png\" alt=\"\" width=\"465\" height=\"227\" srcset=\"https:\/\/prototipo.asrdoq.com.br\/site\/wp-content\/uploads\/2019\/05\/doc3-1.png 465w, https:\/\/prototipo.asrdoq.com.br\/site\/wp-content\/uploads\/2019\/05\/doc3-1-300x146.png 300w\" sizes=\"(max-width: 465px) 100vw, 465px\" \/><\/div>\n<div class=\"col-lg-6 col-md-12 col-xs-12 col-sm-12\"><\/p>\n<p><span style=\"color: #008080;\"><strong>Documenta\u00e7\u00e3o de Sistema<\/strong><\/span><\/p>\n<p>Atrav\u00e9s da Documenta\u00e7\u00e3o de Sistemas \u00e9 poss\u00edvel descrever todo o funcionamento de um Sistema na forma de um Manual. S\u00e3o detalhadas as atividades que podem ser realizadas nele com indica\u00e7\u00e3o dos passos necess\u00e1rios, atrav\u00e9s de textos, capturas de tela e diagramas como em um tutorial.<\/p>\n<p>Entre as vantagens deste servi\u00e7o est\u00e1 a manuten\u00e7\u00e3o de um registro para realiza\u00e7\u00e3o de treinamento de equipes que ir\u00e3o utilizar o sistema e a possibilidade de fazer a verifica\u00e7\u00e3o da efici\u00eancia do sistema, podendo identificar pontos para melhorias.<\/p>\n<p><\/div>\n<\/div>\n<p>A documenta\u00e7\u00e3o de processos e sistemas pode ser realizada atrav\u00e9s de m\u00e9todos tradicionais (em arquivos de texto, fluxos, planilhas) ou na forma de um <b>Portal<\/b><\/p>\n<hr \/>\n<p><span style=\"color: #008080;\"><strong>Portais <\/strong><\/span><\/p>\n<p>O portal \u00e9 criado na plataforma <strong><a href=\"https:\/\/asrpgcon.com.br\/\">PGCON<\/a><\/strong>\u00a0 a partir da identidade visual da empresa, organizado de forma clara e visualmente agrad\u00e1vel, com diversos n\u00edveis de informa\u00e7\u00f5es e fluxos desenhados de forma pr\u00e1tica e compreens\u00edvel. A Documenta\u00e7\u00e3o apresentada em forma de Portal pode ser acessada em qualquer lugar atrav\u00e9s da internet.<\/p>\n<p>Todos os portais(portal de documenta\u00e7\u00e3o,\u00a0portal de sistemas, portal corporativo) podem ter:<\/p>\n<ul>\n<li>Busca inteligente no Portal<\/li>\n<li>FAQ (Perguntas frequentes)<\/li>\n<li>Controle de permiss\u00f5es e autoriza\u00e7\u00f5es de acesso dos usu\u00e1rios<\/li>\n<li>Hist\u00f3rico de Revis\u00f5es<\/li>\n<\/ul>\n<div class=\"row \"><div class=\"col-lg-6 col-md-12 col-xs-12 col-sm-12\"><\/p>\n<p><img loading=\"lazy\" decoding=\"async\" class=\"alignnone wp-image-4577 size-full\" src=\"http:\/\/prototipo.asrdoq.com.br\/site\/wp-content\/uploads\/2019\/05\/doc.png\" alt=\"\" width=\"590\" height=\"306\" srcset=\"https:\/\/prototipo.asrdoq.com.br\/site\/wp-content\/uploads\/2019\/05\/doc.png 590w, https:\/\/prototipo.asrdoq.com.br\/site\/wp-content\/uploads\/2019\/05\/doc-300x156.png 300w\" sizes=\"(max-width: 590px) 100vw, 590px\" \/><\/p>\n<p><\/div>\n<div class=\"col-lg-6 col-md-12 col-xs-12 col-sm-12\"><\/p>\n<p><img loading=\"lazy\" decoding=\"async\" class=\"alignnone size-full wp-image-4563\" src=\"http:\/\/prototipo.asrdoq.com.br\/site\/wp-content\/uploads\/2019\/05\/Imagem2.png\" alt=\"\" width=\"589\" height=\"243\" srcset=\"https:\/\/prototipo.asrdoq.com.br\/site\/wp-content\/uploads\/2019\/05\/Imagem2.png 589w, https:\/\/prototipo.asrdoq.com.br\/site\/wp-content\/uploads\/2019\/05\/Imagem2-300x124.png 300w\" sizes=\"(max-width: 589px) 100vw, 589px\" \/><\/div>\n<\/div>\n<hr \/>\n<p><span style=\"color: #008080;\"><strong>Portais Corporativos<\/strong><\/span><\/p>\n<p>Al\u00e9m dos Portais espec\u00edficos de Processos e Sistemas, a ASR DOQ tamb\u00e9m elabora Portais Corporativos na plataforma <a href=\"https:\/\/asrpgcon.com.br\/\"><strong>PGCON<\/strong><\/a>, com diversas informa\u00e7\u00f5es da empresa. Estes portais podem ou n\u00e3o ser integrados aos de Processos e Sistemas.<\/p>\n<p>Atrav\u00e9s da utiliza\u00e7\u00e3o de ferramentas de CMS (Content Management System) a ASR cria um portal que oferece sistemas pr\u00e1ticos de leitura e escrita e ferramenta de buscas.<\/p>\n<p>Al\u00e9m disso \u00e9 poss\u00edvel adicionar fun\u00e7\u00f5es de Intranet e muito mais:<\/p>\n<ul>\n<li>Not\u00edcias: informa\u00e7\u00f5es relevantes sobre a corpora\u00e7\u00e3o, seus funcion\u00e1rios, eventos realizados al\u00e9m de mat\u00e9rias sobre assuntos relacionados ao segmento da empresa<\/li>\n<li>Calend\u00e1rio com anivers\u00e1rios e datas comemorativas<\/li>\n<li>Indicadores de Gest\u00e3o<\/li>\n<li>Informa\u00e7\u00f5es institucionais: hist\u00f3rico da empresa, realiza\u00e7\u00f5es, diretrizes, miss\u00e3o, vis\u00e3o, valores e etc.<\/li>\n<li>Galerias de fotos: registro de momentos de integra\u00e7\u00e3o entre os funcion\u00e1rios, eventos realizados pela empresa<\/li>\n<\/ul>\n<p><img loading=\"lazy\" decoding=\"async\" class=\"wp-image-4578 size-full aligncenter\" src=\"http:\/\/prototipo.asrdoq.com.br\/site\/wp-content\/uploads\/2019\/05\/doc2.png\" alt=\"\" width=\"890\" height=\"678\" srcset=\"https:\/\/prototipo.asrdoq.com.br\/site\/wp-content\/uploads\/2019\/05\/doc2.png 890w, https:\/\/prototipo.asrdoq.com.br\/site\/wp-content\/uploads\/2019\/05\/doc2-300x229.png 300w, https:\/\/prototipo.asrdoq.com.br\/site\/wp-content\/uploads\/2019\/05\/doc2-768x585.png 768w, https:\/\/prototipo.asrdoq.com.br\/site\/wp-content\/uploads\/2019\/05\/doc2-732x558.png 732w\" sizes=\"(max-width: 890px) 100vw, 890px\" \/><\/p>\n<hr \/>\n<div class=\"row \"><div class=\"col-lg-2 col-md-12 col-xs-12 col-sm-12\">\n<a href=\"http:\/\/wordpress.com\"><img loading=\"lazy\" decoding=\"async\" class=\"alignnone wp-image-951\" src=\"http:\/\/prototipo.asrdoq.com.br\/site\/wp-content\/uploads\/2016\/03\/IMG_469_004.png\" alt=\"\" width=\"56\" height=\"56\" \/><\/a><\/div>\n<div class=\"col-lg-2 col-md-12 col-xs-12 col-sm-12\">\n<img loading=\"lazy\" decoding=\"async\" class=\"alignnone wp-image-945\" src=\"http:\/\/prototipo.asrdoq.com.br\/site\/wp-content\/uploads\/2016\/03\/IMG_469_005.png\" alt=\"\" width=\"95\" height=\"46\" \/><\/div>\n<div class=\"col-lg-2 col-md-12 col-xs-12 col-sm-12\">\n<img loading=\"lazy\" decoding=\"async\" class=\"wp-image-1406 alignleft\" src=\"http:\/\/prototipo.asrdoq.com.br\/site\/wp-content\/uploads\/2016\/03\/IMG_469_006.png\" alt=\"\" width=\"142\" height=\"50\" \/><\/p>\n<p><\/div>\n<div class=\"col-lg-2 col-md-12 col-xs-12 col-sm-12\">\n<img loading=\"lazy\" decoding=\"async\" class=\"alignnone wp-image-1408\" src=\"http:\/\/prototipo.asrdoq.com.br\/site\/wp-content\/uploads\/2016\/03\/IMG_469_007.png\" alt=\"\" width=\"94\" height=\"71\" \/><\/div><\/p>\n<p><div class=\"col-lg-2 col-md-12 col-xs-12 col-sm-12\">\n<img loading=\"lazy\" decoding=\"async\" class=\"alignnone wp-image-946\" src=\"http:\/\/prototipo.asrdoq.com.br\/site\/wp-content\/uploads\/2016\/03\/IMG_469_008.png\" alt=\"\" width=\"146\" height=\"46\" \/><\/div><\/p>\n<p><div class=\"col-lg-2 col-md-12 col-xs-12 col-sm-12\"><\/p>\n<p><\/div>\n<\/div>\n","protected":false},"excerpt":{"rendered":"<p>Documenta\u00e7\u00e3o A documenta\u00e7\u00e3o de processos e sistemas pode ser realizada atrav\u00e9s de m\u00e9todos tradicionais (em arquivos de texto, fluxos, planilhas) ou na forma de um Portal Portais O portal \u00e9 criado na plataforma PGCON\u00a0 a partir da identidade visual da empresa, organizado de forma clara e visualmente agrad\u00e1vel, com diversos [&hellip;]<\/p>\n","protected":false},"author":5,"featured_media":9498,"parent":0,"menu_order":0,"comment_status":"closed","ping_status":"closed","template":"page-templates\/template-fullwidth.php","meta":{"_joinchat":[],"footnotes":""},"class_list":["post-469","page","type-page","status-publish","has-post-thumbnail","hentry"],"yoast_head":"<!-- This site is optimized with the Yoast SEO plugin v21.5 - https:\/\/yoast.com\/wordpress\/plugins\/seo\/ -->\n<title>Documenta\u00e7\u00e3o - ASR Consultoria<\/title>\n<meta name=\"description\" content=\"A ASR Consultoria conta com uma equipe especializada na documenta\u00e7\u00e3o de processos e sistemas. Elabora\u00e7\u00e3o de portais de processos, portais corporativos, mapas de processos, pol\u00edticas, fluxos de processos e atividades, procedimentos, roteiros, modelos\/ templates, manuais,\u00a0guias, roteiros.\" \/>\n<meta name=\"robots\" content=\"index, follow, max-snippet:-1, max-image-preview:large, max-video-preview:-1\" \/>\n<link rel=\"canonical\" href=\"https:\/\/prototipo.asrdoq.com.br\/site\/?page_id=469\" \/>\n<meta property=\"og:locale\" content=\"pt_BR\" \/>\n<meta property=\"og:type\" content=\"article\" \/>\n<meta property=\"og:title\" content=\"Documenta\u00e7\u00e3o - ASR Consultoria\" \/>\n<meta property=\"og:description\" content=\"A ASR Consultoria conta com uma equipe especializada na documenta\u00e7\u00e3o de processos e sistemas. Elabora\u00e7\u00e3o de portais de processos, portais corporativos, mapas de processos, pol\u00edticas, fluxos de processos e atividades, procedimentos, roteiros, modelos\/ templates, manuais,\u00a0guias, roteiros.\" \/>\n<meta property=\"og:url\" content=\"https:\/\/prototipo.asrdoq.com.br\/site\/?page_id=469\" \/>\n<meta property=\"og:site_name\" content=\"ASR Consultoria\" \/>\n<meta property=\"article:modified_time\" content=\"2025-02-24T20:28:10+00:00\" \/>\n<meta property=\"og:image\" content=\"https:\/\/prototipo.asrdoq.com.br\/site\/wp-content\/uploads\/2023\/08\/Banner-documentacao.png\" \/>\n\t<meta property=\"og:image:width\" content=\"1900\" \/>\n\t<meta property=\"og:image:height\" content=\"508\" \/>\n\t<meta property=\"og:image:type\" content=\"image\/png\" \/>\n<meta name=\"twitter:card\" content=\"summary_large_image\" \/>\n<meta name=\"twitter:label1\" content=\"Est. tempo de leitura\" \/>\n\t<meta name=\"twitter:data1\" content=\"6 minutos\" \/>\n<script type=\"application\/ld+json\" class=\"yoast-schema-graph\">{\"@context\":\"https:\/\/schema.org\",\"@graph\":[{\"@type\":\"WebPage\",\"@id\":\"https:\/\/prototipo.asrdoq.com.br\/site\/?page_id=469\",\"url\":\"https:\/\/prototipo.asrdoq.com.br\/site\/?page_id=469\",\"name\":\"Documenta\u00e7\u00e3o - ASR Consultoria\",\"isPartOf\":{\"@id\":\"https:\/\/prototipo.asrdoq.com.br\/site\/#website\"},\"datePublished\":\"2016-03-22T17:20:10+00:00\",\"dateModified\":\"2025-02-24T20:28:10+00:00\",\"description\":\"A ASR Consultoria conta com uma equipe especializada na documenta\u00e7\u00e3o de processos e sistemas. Elabora\u00e7\u00e3o de portais de processos, portais corporativos, mapas de processos, pol\u00edticas, fluxos de processos e atividades, procedimentos, roteiros, modelos\/ templates, manuais,\u00a0guias, roteiros.\",\"breadcrumb\":{\"@id\":\"https:\/\/prototipo.asrdoq.com.br\/site\/?page_id=469#breadcrumb\"},\"inLanguage\":\"pt-BR\",\"potentialAction\":[{\"@type\":\"ReadAction\",\"target\":[\"https:\/\/prototipo.asrdoq.com.br\/site\/?page_id=469\"]}]},{\"@type\":\"BreadcrumbList\",\"@id\":\"https:\/\/prototipo.asrdoq.com.br\/site\/?page_id=469#breadcrumb\",\"itemListElement\":[{\"@type\":\"ListItem\",\"position\":1,\"name\":\"In\u00edcio\",\"item\":\"https:\/\/prototipo.asrdoq.com.br\/site\/\"},{\"@type\":\"ListItem\",\"position\":2,\"name\":\"Documenta\u00e7\u00e3o\"}]},{\"@type\":\"WebSite\",\"@id\":\"https:\/\/prototipo.asrdoq.com.br\/site\/#website\",\"url\":\"https:\/\/prototipo.asrdoq.com.br\/site\/\",\"name\":\"ASR Consultoria\",\"description\":\"\",\"publisher\":{\"@id\":\"https:\/\/prototipo.asrdoq.com.br\/site\/#organization\"},\"potentialAction\":[{\"@type\":\"SearchAction\",\"target\":{\"@type\":\"EntryPoint\",\"urlTemplate\":\"https:\/\/prototipo.asrdoq.com.br\/site\/?s={search_term_string}\"},\"query-input\":\"required name=search_term_string\"}],\"inLanguage\":\"pt-BR\"},{\"@type\":\"Organization\",\"@id\":\"https:\/\/prototipo.asrdoq.com.br\/site\/#organization\",\"name\":\"ASR Consultoria\",\"url\":\"https:\/\/prototipo.asrdoq.com.br\/site\/\",\"logo\":{\"@type\":\"ImageObject\",\"inLanguage\":\"pt-BR\",\"@id\":\"https:\/\/prototipo.asrdoq.com.br\/site\/#\/schema\/logo\/image\/\",\"url\":\"https:\/\/asrconsultoria.com.br\/wp-content\/uploads\/2016\/03\/Logo_ASR-1.png\",\"contentUrl\":\"https:\/\/asrconsultoria.com.br\/wp-content\/uploads\/2016\/03\/Logo_ASR-1.png\",\"width\":402,\"height\":185,\"caption\":\"ASR Consultoria\"},\"image\":{\"@id\":\"https:\/\/prototipo.asrdoq.com.br\/site\/#\/schema\/logo\/image\/\"}}]}<\/script>\n<!-- \/ Yoast SEO plugin. -->","yoast_head_json":{"title":"Documenta\u00e7\u00e3o - ASR Consultoria","description":"A ASR Consultoria conta com uma equipe especializada na documenta\u00e7\u00e3o de processos e sistemas. Elabora\u00e7\u00e3o de portais de processos, portais corporativos, mapas de processos, pol\u00edticas, fluxos de processos e atividades, procedimentos, roteiros, modelos\/ templates, manuais,\u00a0guias, roteiros.","robots":{"index":"index","follow":"follow","max-snippet":"max-snippet:-1","max-image-preview":"max-image-preview:large","max-video-preview":"max-video-preview:-1"},"canonical":"https:\/\/prototipo.asrdoq.com.br\/site\/?page_id=469","og_locale":"pt_BR","og_type":"article","og_title":"Documenta\u00e7\u00e3o - ASR Consultoria","og_description":"A ASR Consultoria conta com uma equipe especializada na documenta\u00e7\u00e3o de processos e sistemas. Elabora\u00e7\u00e3o de portais de processos, portais corporativos, mapas de processos, pol\u00edticas, fluxos de processos e atividades, procedimentos, roteiros, modelos\/ templates, manuais,\u00a0guias, roteiros.","og_url":"https:\/\/prototipo.asrdoq.com.br\/site\/?page_id=469","og_site_name":"ASR Consultoria","article_modified_time":"2025-02-24T20:28:10+00:00","og_image":[{"width":1900,"height":508,"url":"https:\/\/prototipo.asrdoq.com.br\/site\/wp-content\/uploads\/2023\/08\/Banner-documentacao.png","type":"image\/png"}],"twitter_card":"summary_large_image","twitter_misc":{"Est. tempo de leitura":"6 minutos"},"schema":{"@context":"https:\/\/schema.org","@graph":[{"@type":"WebPage","@id":"https:\/\/prototipo.asrdoq.com.br\/site\/?page_id=469","url":"https:\/\/prototipo.asrdoq.com.br\/site\/?page_id=469","name":"Documenta\u00e7\u00e3o - ASR Consultoria","isPartOf":{"@id":"https:\/\/prototipo.asrdoq.com.br\/site\/#website"},"datePublished":"2016-03-22T17:20:10+00:00","dateModified":"2025-02-24T20:28:10+00:00","description":"A ASR Consultoria conta com uma equipe especializada na documenta\u00e7\u00e3o de processos e sistemas. Elabora\u00e7\u00e3o de portais de processos, portais corporativos, mapas de processos, pol\u00edticas, fluxos de processos e atividades, procedimentos, roteiros, modelos\/ templates, manuais,\u00a0guias, roteiros.","breadcrumb":{"@id":"https:\/\/prototipo.asrdoq.com.br\/site\/?page_id=469#breadcrumb"},"inLanguage":"pt-BR","potentialAction":[{"@type":"ReadAction","target":["https:\/\/prototipo.asrdoq.com.br\/site\/?page_id=469"]}]},{"@type":"BreadcrumbList","@id":"https:\/\/prototipo.asrdoq.com.br\/site\/?page_id=469#breadcrumb","itemListElement":[{"@type":"ListItem","position":1,"name":"In\u00edcio","item":"https:\/\/prototipo.asrdoq.com.br\/site\/"},{"@type":"ListItem","position":2,"name":"Documenta\u00e7\u00e3o"}]},{"@type":"WebSite","@id":"https:\/\/prototipo.asrdoq.com.br\/site\/#website","url":"https:\/\/prototipo.asrdoq.com.br\/site\/","name":"ASR Consultoria","description":"","publisher":{"@id":"https:\/\/prototipo.asrdoq.com.br\/site\/#organization"},"potentialAction":[{"@type":"SearchAction","target":{"@type":"EntryPoint","urlTemplate":"https:\/\/prototipo.asrdoq.com.br\/site\/?s={search_term_string}"},"query-input":"required name=search_term_string"}],"inLanguage":"pt-BR"},{"@type":"Organization","@id":"https:\/\/prototipo.asrdoq.com.br\/site\/#organization","name":"ASR Consultoria","url":"https:\/\/prototipo.asrdoq.com.br\/site\/","logo":{"@type":"ImageObject","inLanguage":"pt-BR","@id":"https:\/\/prototipo.asrdoq.com.br\/site\/#\/schema\/logo\/image\/","url":"https:\/\/asrconsultoria.com.br\/wp-content\/uploads\/2016\/03\/Logo_ASR-1.png","contentUrl":"https:\/\/asrconsultoria.com.br\/wp-content\/uploads\/2016\/03\/Logo_ASR-1.png","width":402,"height":185,"caption":"ASR Consultoria"},"image":{"@id":"https:\/\/prototipo.asrdoq.com.br\/site\/#\/schema\/logo\/image\/"}}]}},"_links":{"self":[{"href":"https:\/\/prototipo.asrdoq.com.br\/site\/index.php?rest_route=\/wp\/v2\/pages\/469","targetHints":{"allow":["GET"]}}],"collection":[{"href":"https:\/\/prototipo.asrdoq.com.br\/site\/index.php?rest_route=\/wp\/v2\/pages"}],"about":[{"href":"https:\/\/prototipo.asrdoq.com.br\/site\/index.php?rest_route=\/wp\/v2\/types\/page"}],"author":[{"embeddable":true,"href":"https:\/\/prototipo.asrdoq.com.br\/site\/index.php?rest_route=\/wp\/v2\/users\/5"}],"replies":[{"embeddable":true,"href":"https:\/\/prototipo.asrdoq.com.br\/site\/index.php?rest_route=%2Fwp%2Fv2%2Fcomments&post=469"}],"version-history":[{"count":0,"href":"https:\/\/prototipo.asrdoq.com.br\/site\/index.php?rest_route=\/wp\/v2\/pages\/469\/revisions"}],"wp:featuredmedia":[{"embeddable":true,"href":"https:\/\/prototipo.asrdoq.com.br\/site\/index.php?rest_route=\/wp\/v2\/media\/9498"}],"wp:attachment":[{"href":"https:\/\/prototipo.asrdoq.com.br\/site\/index.php?rest_route=%2Fwp%2Fv2%2Fmedia&parent=469"}],"curies":[{"name":"wp","href":"https:\/\/api.w.org\/{rel}","templated":true}]}}