{"id":463,"date":"2016-03-22T17:19:31","date_gmt":"2016-03-22T17:19:31","guid":{"rendered":"http:\/\/asrconsultoria.com.br\/?page_id=463"},"modified":"2025-05-05T18:29:00","modified_gmt":"2025-05-05T18:29:00","slug":"certificacao","status":"publish","type":"page","link":"https:\/\/prototipo.asrdoq.com.br\/site\/?page_id=463","title":{"rendered":"Certifica\u00e7\u00e3o"},"content":{"rendered":"\t\t<div data-elementor-type=\"wp-page\" data-elementor-id=\"463\" class=\"elementor elementor-463\">\n\t\t\t\t\t\t<section class=\"elementor-section elementor-top-section elementor-element elementor-element-5afe5e5 elementor-section-boxed elementor-section-height-default elementor-section-height-default\" data-id=\"5afe5e5\" data-element_type=\"section\" data-e-type=\"section\">\n\t\t\t\t\t\t<div class=\"elementor-container elementor-column-gap-default\">\n\t\t\t\t\t<div class=\"elementor-column elementor-col-100 elementor-top-column elementor-element elementor-element-69d1ccad\" data-id=\"69d1ccad\" data-element_type=\"column\" data-e-type=\"column\">\n\t\t\t<div class=\"elementor-widget-wrap elementor-element-populated\">\n\t\t\t\t\t\t<div class=\"elementor-element elementor-element-6fbea705 elementor-widget elementor-widget-text-editor\" data-id=\"6fbea705\" data-element_type=\"widget\" data-e-type=\"widget\" data-widget_type=\"text-editor.default\">\n\t\t\t\t<div class=\"elementor-widget-container\">\n\t\t\t\t\t\t\t\t\t<p><span style=\"color: #ffffff;\"><strong>&nbsp;Certifica\u00e7\u00e3o<\/strong><\/span><div class=\"row \"><\/p>\n<p><div class=\"panel panel-default \"><br><div class=\"panel-body\"><br><div class=\"col-lg-2 col-md-12 col-xs-12 col-sm-12\"><\/p>\n<p><\/p>\n<p><img decoding=\"async\" title=\"check\" src=\"http:\/\/prototipo.asrdoq.com.br\/site\/wp-content\/uploads\/2018\/07\/chat.png\" alt=\"\" width=\"90\" height=\"90\"><br><\/div><br><div class=\"col-lg-10 col-md-12 col-xs-12 col-sm-12\"><\/p>\n<h4><span style=\"color: #6b0b3d;\"><strong>Certifica\u00e7\u00e3o e Avalia\u00e7\u00e3o de Processos e de Produtos<\/strong><\/span><\/h4>\n<p align=\"justify\">A&nbsp;<b>ASR<\/b>&nbsp;oferece diversos servi\u00e7os para possibilitar a&nbsp;viabiliza\u00e7\u00e3o da certifica\u00e7\u00e3o de processos e produtos de sua empresa, atuando na otimiza\u00e7\u00e3o de custos e minimiza\u00e7\u00e3o de riscos.<\/p>\n<p style=\"padding-left: 30px;\" align=\"justify\"><a href=\"http:\/\/prototipo.asrdoq.com.br\/site\/index.php\/cmmi\/\">CMMI&nbsp;<\/a>(CMMI-DEV, CMMI-SVC),&nbsp;<a href=\"http:\/\/prototipo.asrdoq.com.br\/site\/index.php\/mps-br\/\">MPS.BR&nbsp;<\/a>(MPS-SW, MPS-SV, MPS-RH),&nbsp;<a href=\"http:\/\/prototipo.asrdoq.com.br\/site\/index.php\/certics\/\">Certics<\/a>,&nbsp;<a href=\"http:\/\/prototipo.asrdoq.com.br\/site\/index.php\/iso-9001\/\">ISO 9001<\/a>,&nbsp;<a href=\"http:\/\/prototipo.asrdoq.com.br\/site\/index.php\/iso-20000\/\">ISO 20000<\/a><\/p>\n<p><\/div><\/div><br><\/div><br><\/div><\/p>\n<h4><strong>Avalia\u00e7\u00e3o Oficial&nbsp;<a href=\"http:\/\/prototipo.asrdoq.com.br\/site\/index.php\/mps-br\/\">MPS.BR<\/a>&nbsp; &nbsp; &nbsp; &nbsp;<img decoding=\"async\" title=\"mpsbr\" src=\"https:\/\/prototipo.asrdoq.com.br\/site\/wp-content\/uploads\/2024\/11\/IMG_Logo_MPS-BR.png\" alt=\"S\u00edmbolo oficial do programa MPS.BR\" width=\"70\" height=\"50\"><\/strong><\/h4>\n<ul>\n<li>Avalia\u00e7\u00e3o oficial MPS.BR (MPS-SW, MPS-SV, MPS-RH) &#8211; A <strong>ASR<\/strong> \u00e9 credenciada como <a href=\"http:\/\/www.softex.br\/mpsbr\/instituicoes-autorizadas\/ia\/\" target=\"_blank\" rel=\"noopener noreferrer\">Institui\u00e7\u00e3o Avaliadora MPS.BR<\/a>.<\/li>\n<li>Diagn\u00f3stico Pr\u00e9-Avalia\u00e7\u00e3o &#8211; diagn\u00f3stico com objetivo de verificar se os processos e projetos a serem apresentados na avalia\u00e7\u00e3o oficial <a href=\"http:\/\/prototipo.asrdoq.com.br\/site\/index.php\/mps-br\/\">MPS.BR<\/a> est\u00e3o aderentes aos requisitos do n\u00edvel de maturidade pretendido;<\/li>\n<li>Suporte na escolha e nos contatos com Institui\u00e7\u00e3o Avaliadora <a href=\"http:\/\/prototipo.asrdoq.com.br\/site\/index.php\/mps-br\/\">MPS.BR<\/a> (IA-MPS.BR) autorizada pela SOFTEX;<\/li>\n<li>Suporte durante Avalia\u00e7\u00e3o Oficial <a href=\"http:\/\/prototipo.asrdoq.com.br\/site\/index.php\/mps-br\/\">MPS.BR <\/a>e participa\u00e7\u00e3o na avalia\u00e7\u00e3o inicial.<\/li>\n<\/ul>\n<p><div class=\"row \"><\/p>\n<h4><strong>Avalia\u00e7\u00e3o Oficial&nbsp;&#8211; Appraisal&nbsp;<a href=\"http:\/\/prototipo.asrdoq.com.br\/site\/index.php\/cmmi\/\">CMMI<\/a>&nbsp;(SCAMPI) &nbsp; &nbsp; &nbsp;<a href=\"http:\/\/prototipo.asrdoq.com.br\/site\/index.php\/cmmi\/\"><img decoding=\"async\" title=\"CMMI\" src=\"http:\/\/prototipo.asrdoq.com.br\/site\/wp-content\/uploads\/2016\/03\/IMG_463_002.png\" alt=\"S\u00edmbolo oficial do s\u00edmbolo do modelo CMMI\" width=\"81\" height=\"23\"><\/a><\/strong><\/h4>\n<ul>\n<li>Diagn\u00f3stico Pr\u00e9-Appraisal &#8211; diagn\u00f3stico com objetivo de verificar se os processos e projetos a serem apresentados no appraisal <a href=\"http:\/\/prototipo.asrdoq.com.br\/site\/index.php\/cmmi\/\">CMMI<\/a> (SCAMPI A) est\u00e3o aderentes aos requisitos do n\u00edvel de maturidade pretendido<\/li>\n<li>Suporte na escolha e nos contatos com Lead Appraiser autorizado pelo <a href=\"http:\/\/cmmiinstitute.com\/\" target=\"_blank\" rel=\"noopener noreferrer\">CMMI&nbsp;Institute<\/a><\/li>\n<li>Suporte durante Appraisal <a href=\"http:\/\/prototipo.asrdoq.com.br\/site\/index.php\/cmmi\/\">CMMI<\/a> (SCAMPI A)<\/li>\n<li>Participa\u00e7\u00e3o de consultor(es) como ATM (Appraisal Team Member) no Appraisal <a href=\"http:\/\/prototipo.asrdoq.com.br\/site\/index.php\/cmmi\/\">CMMI <\/a>(SCAMPI)<\/li>\n<\/ul>\n<p><\/div><\/p>\n<p><div class=\"row \"><\/p>\n<h4><strong>Certifica\u00e7\u00e3o&nbsp;<a href=\"http:\/\/prototipo.asrdoq.com.br\/site\/index.php\/certics\/\">CERTICS<\/a>&nbsp; &nbsp; &nbsp;<img loading=\"lazy\" decoding=\"async\" title=\"Logo Certics\" src=\"http:\/\/prototipo.asrdoq.com.br\/site\/wp-content\/uploads\/2016\/03\/07-e1480685856796.png\" alt=\"\" width=\"63\" height=\"44\"><\/strong><\/h4>\n<ul>\n<li>Certifica\u00e7\u00e3o <a href=\"http:\/\/prototipo.asrdoq.com.br\/site\/index.php\/certics\/\">CERTICS<\/a> &#8211; A ASR \u00e9&nbsp;<a href=\"http:\/\/www.certics.cti.gov.br\/?page_id=20\">Entidade Avaliadora Certics credenciada pela FACTI<\/a><\/li>\n<li>Diagn\u00f3stico&nbsp;de Gap Analysis &#8211; diagn\u00f3stico realizado para verifica\u00e7\u00e3o de ader\u00eancia de um produto de software&nbsp;&nbsp;aos principais requisitos (RE &#8211; resultados esperados) da <a href=\"http:\/\/prototipo.asrdoq.com.br\/site\/index.php\/certics\/\">CERTICS<\/a><\/li>\n<li>Apoio Consultivo &#8211;&nbsp;consultoria&nbsp;para adequa\u00e7\u00e3o do produto selecionado aos requisitos<a href=\"http:\/\/prototipo.asrdoq.com.br\/site\/index.php\/certics\/\"> CERTICS<\/a><\/li>\n<li>Documenta\u00e7\u00e3o de processos &#8211; elabora\u00e7\u00e3o de fluxos, procedimentos, roteiros, guias<\/li>\n<li>Atua\u00e7\u00e3o como Ponto Focal na Avalia\u00e7\u00e3o <a href=\"http:\/\/prototipo.asrdoq.com.br\/site\/index.php\/certics\/\">CERTICS<\/a> &#8211;&nbsp;assessoria realizada&nbsp;para&nbsp;preenchimento de informa\u00e7\u00f5es cadastrais e das evid\u00eancias relevantes para a avalia\u00e7\u00e3o na plataforma CERTICSys<\/li>\n<\/ul>\n<p><\/div><\/p>\n<p><div class=\"row \"><\/p>\n<h4><strong>Certifica\u00e7\u00e3o&nbsp;<a href=\"http:\/\/prototipo.asrdoq.com.br\/site\/index.php\/iso-9001\/\">ISO 9000<\/a>&nbsp; &nbsp; &nbsp; &nbsp;<img loading=\"lazy\" decoding=\"async\" title=\"Logo ISO 9001\" src=\"http:\/\/prototipo.asrdoq.com.br\/site\/wp-content\/uploads\/2016\/03\/IMG_463_003.png\" alt=\"S\u00edmbolo, logo oficial da norma ISO 9001\" width=\"46\" height=\"46\"><\/strong><\/h4>\n<ul>\n<li>Diagn\u00f3stico de Gap Analysis<\/li>\n<li>Mapeamento de Processos<\/li>\n<li>Auditorias Internas;<\/li>\n<li>Suporte na escolha e nos contatos com organismos certificadores credenciados;<\/li>\n<li>Suporte durante auditorias de certifica\u00e7\u00e3o;<\/li>\n<\/ul>\n<p><\/div><\/p>\n<p><div class=\"row \"><\/p>\n<h4><strong>Certifica\u00e7\u00e3o&nbsp;<a href=\"http:\/\/prototipo.asrdoq.com.br\/site\/index.php\/iso-20000\/\">ISO 20000<\/a>&nbsp; &nbsp;<img loading=\"lazy\" decoding=\"async\" title=\"Logo ISO 20000\" src=\"http:\/\/prototipo.asrdoq.com.br\/site\/wp-content\/uploads\/2016\/03\/IMG_463_004.png\" alt=\"S\u00edmbolo logo ISO 20000\" width=\"81\" height=\"22\"><\/strong><\/h4>\n<ul>\n<li>Diagn\u00f3stico de Gap Analysis<\/li>\n<li>Mapeamento de Processos<\/li>\n<li>Auditorias Internas;<\/li>\n<li>Suporte na escolha e nos contatos com organismos certificadores credenciados;<\/li>\n<li>Suporte durante auditorias de certifica\u00e7\u00e3o;<\/li>\n<\/ul>\n<p><\/div><\/p>\n<h4 style=\"color: #3c4858; font-size: 18px;\"><strong>Certifica\u00e7\u00e3o&nbsp;<a href=\"http:\/\/prototipo.asrdoq.com.br\/site\/index.php\/iso-20000\/\">ISO 27001<\/a>&nbsp;&nbsp;<\/strong><\/h4>\n<ul>\n<li>Diagn\u00f3stico de Gap Analysis<\/li>\n<li>Mapeamento de Processos<\/li>\n<li>Auditorias Internas;<\/li>\n<li>Suporte na escolha e nos contatos com organismos certificadores credenciados;<\/li>\n<li>Suporte durante auditorias de certifica\u00e7\u00e3o;<\/li>\n<\/ul><div><h4 style=\"color: rgb(60, 72, 88); font-size: 18px;\"><strong>Certifica\u00e7\u00e3o&nbsp;<a href=\"http:\/\/prototipo.asrdoq.com.br\/site\/index.php\/iso-20000\/\">ISO 42001<\/a><\/strong><\/h4><ul><li>Diagn\u00f3stico de Gap Analysis<\/li><li>Mapeamento de Processos<\/li><li>Auditorias Internas;<\/li><li>Suporte na escolha e nos contatos com organismos certificadores credenciados;<\/li><li>Suporte durante auditorias de certifica\u00e7\u00e3o;<\/li><\/ul><\/div>\t\t\t\t\t\t\t\t<\/div>\n\t\t\t\t<\/div>\n\t\t\t\t\t<\/div>\n\t\t<\/div>\n\t\t\t\t\t<\/div>\n\t\t<\/section>\n\t\t\t\t<\/div>\n\t\t","protected":false},"excerpt":{"rendered":"<p>&nbsp;Certifica\u00e7\u00e3o Avalia\u00e7\u00e3o Oficial&nbsp;MPS.BR&nbsp; &nbsp; &nbsp; &nbsp; Avalia\u00e7\u00e3o oficial MPS.BR (MPS-SW, MPS-SV, MPS-RH) &#8211; A ASR \u00e9 credenciada como Institui\u00e7\u00e3o Avaliadora MPS.BR. Diagn\u00f3stico Pr\u00e9-Avalia\u00e7\u00e3o &#8211; diagn\u00f3stico com objetivo de verificar se os processos e projetos a serem apresentados na avalia\u00e7\u00e3o oficial MPS.BR est\u00e3o aderentes aos requisitos do n\u00edvel de maturidade pretendido; [&hellip;]<\/p>\n","protected":false},"author":5,"featured_media":7044,"parent":0,"menu_order":0,"comment_status":"closed","ping_status":"closed","template":"page-templates\/template-fullwidth.php","meta":{"_joinchat":[],"footnotes":""},"class_list":["post-463","page","type-page","status-publish","has-post-thumbnail","hentry"],"yoast_head":"<!-- This site is optimized with the Yoast SEO plugin v21.5 - https:\/\/yoast.com\/wordpress\/plugins\/seo\/ -->\n<title>Certifica\u00e7\u00e3o - ASR Consultoria<\/title>\n<meta name=\"description\" content=\"A ASR Consultoria oferece diversos servi\u00e7os para possibilitar a viabiliza\u00e7\u00e3o da certifica\u00e7\u00e3o de processos e produtos de sua empresa...\" \/>\n<meta name=\"robots\" content=\"index, follow, max-snippet:-1, max-image-preview:large, max-video-preview:-1\" \/>\n<link rel=\"canonical\" href=\"https:\/\/prototipo.asrdoq.com.br\/site\/?page_id=463\" \/>\n<meta property=\"og:locale\" content=\"pt_BR\" \/>\n<meta property=\"og:type\" content=\"article\" \/>\n<meta property=\"og:title\" content=\"Certifica\u00e7\u00e3o - ASR Consultoria\" \/>\n<meta property=\"og:description\" content=\"A ASR Consultoria oferece diversos servi\u00e7os para possibilitar a viabiliza\u00e7\u00e3o da certifica\u00e7\u00e3o de processos e produtos de sua empresa...\" \/>\n<meta property=\"og:url\" content=\"https:\/\/prototipo.asrdoq.com.br\/site\/?page_id=463\" \/>\n<meta property=\"og:site_name\" content=\"ASR Consultoria\" \/>\n<meta property=\"article:modified_time\" content=\"2025-05-05T18:29:00+00:00\" \/>\n<meta property=\"og:image\" content=\"https:\/\/prototipo.asrdoq.com.br\/site\/wp-content\/uploads\/2022\/04\/Banner-ISO-2.png\" \/>\n\t<meta property=\"og:image:width\" content=\"1900\" \/>\n\t<meta property=\"og:image:height\" content=\"508\" \/>\n\t<meta property=\"og:image:type\" content=\"image\/png\" \/>\n<meta name=\"twitter:card\" content=\"summary_large_image\" \/>\n<meta name=\"twitter:label1\" content=\"Est. tempo de leitura\" \/>\n\t<meta name=\"twitter:data1\" content=\"4 minutos\" \/>\n<script type=\"application\/ld+json\" class=\"yoast-schema-graph\">{\"@context\":\"https:\/\/schema.org\",\"@graph\":[{\"@type\":\"WebPage\",\"@id\":\"https:\/\/prototipo.asrdoq.com.br\/site\/?page_id=463\",\"url\":\"https:\/\/prototipo.asrdoq.com.br\/site\/?page_id=463\",\"name\":\"Certifica\u00e7\u00e3o - ASR Consultoria\",\"isPartOf\":{\"@id\":\"https:\/\/prototipo.asrdoq.com.br\/site\/#website\"},\"datePublished\":\"2016-03-22T17:19:31+00:00\",\"dateModified\":\"2025-05-05T18:29:00+00:00\",\"description\":\"A ASR Consultoria oferece diversos servi\u00e7os para possibilitar a viabiliza\u00e7\u00e3o da certifica\u00e7\u00e3o de processos e produtos de sua empresa...\",\"breadcrumb\":{\"@id\":\"https:\/\/prototipo.asrdoq.com.br\/site\/?page_id=463#breadcrumb\"},\"inLanguage\":\"pt-BR\",\"potentialAction\":[{\"@type\":\"ReadAction\",\"target\":[\"https:\/\/prototipo.asrdoq.com.br\/site\/?page_id=463\"]}]},{\"@type\":\"BreadcrumbList\",\"@id\":\"https:\/\/prototipo.asrdoq.com.br\/site\/?page_id=463#breadcrumb\",\"itemListElement\":[{\"@type\":\"ListItem\",\"position\":1,\"name\":\"In\u00edcio\",\"item\":\"https:\/\/prototipo.asrdoq.com.br\/site\/\"},{\"@type\":\"ListItem\",\"position\":2,\"name\":\"Certifica\u00e7\u00e3o\"}]},{\"@type\":\"WebSite\",\"@id\":\"https:\/\/prototipo.asrdoq.com.br\/site\/#website\",\"url\":\"https:\/\/prototipo.asrdoq.com.br\/site\/\",\"name\":\"ASR Consultoria\",\"description\":\"\",\"publisher\":{\"@id\":\"https:\/\/prototipo.asrdoq.com.br\/site\/#organization\"},\"potentialAction\":[{\"@type\":\"SearchAction\",\"target\":{\"@type\":\"EntryPoint\",\"urlTemplate\":\"https:\/\/prototipo.asrdoq.com.br\/site\/?s={search_term_string}\"},\"query-input\":\"required name=search_term_string\"}],\"inLanguage\":\"pt-BR\"},{\"@type\":\"Organization\",\"@id\":\"https:\/\/prototipo.asrdoq.com.br\/site\/#organization\",\"name\":\"ASR Consultoria\",\"url\":\"https:\/\/prototipo.asrdoq.com.br\/site\/\",\"logo\":{\"@type\":\"ImageObject\",\"inLanguage\":\"pt-BR\",\"@id\":\"https:\/\/prototipo.asrdoq.com.br\/site\/#\/schema\/logo\/image\/\",\"url\":\"https:\/\/asrconsultoria.com.br\/wp-content\/uploads\/2016\/03\/Logo_ASR-1.png\",\"contentUrl\":\"https:\/\/asrconsultoria.com.br\/wp-content\/uploads\/2016\/03\/Logo_ASR-1.png\",\"width\":402,\"height\":185,\"caption\":\"ASR Consultoria\"},\"image\":{\"@id\":\"https:\/\/prototipo.asrdoq.com.br\/site\/#\/schema\/logo\/image\/\"}}]}<\/script>\n<!-- \/ Yoast SEO plugin. -->","yoast_head_json":{"title":"Certifica\u00e7\u00e3o - ASR Consultoria","description":"A ASR Consultoria oferece diversos servi\u00e7os para possibilitar a viabiliza\u00e7\u00e3o da certifica\u00e7\u00e3o de processos e produtos de sua empresa...","robots":{"index":"index","follow":"follow","max-snippet":"max-snippet:-1","max-image-preview":"max-image-preview:large","max-video-preview":"max-video-preview:-1"},"canonical":"https:\/\/prototipo.asrdoq.com.br\/site\/?page_id=463","og_locale":"pt_BR","og_type":"article","og_title":"Certifica\u00e7\u00e3o - ASR Consultoria","og_description":"A ASR Consultoria oferece diversos servi\u00e7os para possibilitar a viabiliza\u00e7\u00e3o da certifica\u00e7\u00e3o de processos e produtos de sua empresa...","og_url":"https:\/\/prototipo.asrdoq.com.br\/site\/?page_id=463","og_site_name":"ASR Consultoria","article_modified_time":"2025-05-05T18:29:00+00:00","og_image":[{"width":1900,"height":508,"url":"https:\/\/prototipo.asrdoq.com.br\/site\/wp-content\/uploads\/2022\/04\/Banner-ISO-2.png","type":"image\/png"}],"twitter_card":"summary_large_image","twitter_misc":{"Est. tempo de leitura":"4 minutos"},"schema":{"@context":"https:\/\/schema.org","@graph":[{"@type":"WebPage","@id":"https:\/\/prototipo.asrdoq.com.br\/site\/?page_id=463","url":"https:\/\/prototipo.asrdoq.com.br\/site\/?page_id=463","name":"Certifica\u00e7\u00e3o - ASR Consultoria","isPartOf":{"@id":"https:\/\/prototipo.asrdoq.com.br\/site\/#website"},"datePublished":"2016-03-22T17:19:31+00:00","dateModified":"2025-05-05T18:29:00+00:00","description":"A ASR Consultoria oferece diversos servi\u00e7os para possibilitar a viabiliza\u00e7\u00e3o da certifica\u00e7\u00e3o de processos e produtos de sua empresa...","breadcrumb":{"@id":"https:\/\/prototipo.asrdoq.com.br\/site\/?page_id=463#breadcrumb"},"inLanguage":"pt-BR","potentialAction":[{"@type":"ReadAction","target":["https:\/\/prototipo.asrdoq.com.br\/site\/?page_id=463"]}]},{"@type":"BreadcrumbList","@id":"https:\/\/prototipo.asrdoq.com.br\/site\/?page_id=463#breadcrumb","itemListElement":[{"@type":"ListItem","position":1,"name":"In\u00edcio","item":"https:\/\/prototipo.asrdoq.com.br\/site\/"},{"@type":"ListItem","position":2,"name":"Certifica\u00e7\u00e3o"}]},{"@type":"WebSite","@id":"https:\/\/prototipo.asrdoq.com.br\/site\/#website","url":"https:\/\/prototipo.asrdoq.com.br\/site\/","name":"ASR Consultoria","description":"","publisher":{"@id":"https:\/\/prototipo.asrdoq.com.br\/site\/#organization"},"potentialAction":[{"@type":"SearchAction","target":{"@type":"EntryPoint","urlTemplate":"https:\/\/prototipo.asrdoq.com.br\/site\/?s={search_term_string}"},"query-input":"required name=search_term_string"}],"inLanguage":"pt-BR"},{"@type":"Organization","@id":"https:\/\/prototipo.asrdoq.com.br\/site\/#organization","name":"ASR Consultoria","url":"https:\/\/prototipo.asrdoq.com.br\/site\/","logo":{"@type":"ImageObject","inLanguage":"pt-BR","@id":"https:\/\/prototipo.asrdoq.com.br\/site\/#\/schema\/logo\/image\/","url":"https:\/\/asrconsultoria.com.br\/wp-content\/uploads\/2016\/03\/Logo_ASR-1.png","contentUrl":"https:\/\/asrconsultoria.com.br\/wp-content\/uploads\/2016\/03\/Logo_ASR-1.png","width":402,"height":185,"caption":"ASR Consultoria"},"image":{"@id":"https:\/\/prototipo.asrdoq.com.br\/site\/#\/schema\/logo\/image\/"}}]}},"_links":{"self":[{"href":"https:\/\/prototipo.asrdoq.com.br\/site\/index.php?rest_route=\/wp\/v2\/pages\/463","targetHints":{"allow":["GET"]}}],"collection":[{"href":"https:\/\/prototipo.asrdoq.com.br\/site\/index.php?rest_route=\/wp\/v2\/pages"}],"about":[{"href":"https:\/\/prototipo.asrdoq.com.br\/site\/index.php?rest_route=\/wp\/v2\/types\/page"}],"author":[{"embeddable":true,"href":"https:\/\/prototipo.asrdoq.com.br\/site\/index.php?rest_route=\/wp\/v2\/users\/5"}],"replies":[{"embeddable":true,"href":"https:\/\/prototipo.asrdoq.com.br\/site\/index.php?rest_route=%2Fwp%2Fv2%2Fcomments&post=463"}],"version-history":[{"count":0,"href":"https:\/\/prototipo.asrdoq.com.br\/site\/index.php?rest_route=\/wp\/v2\/pages\/463\/revisions"}],"wp:featuredmedia":[{"embeddable":true,"href":"https:\/\/prototipo.asrdoq.com.br\/site\/index.php?rest_route=\/wp\/v2\/media\/7044"}],"wp:attachment":[{"href":"https:\/\/prototipo.asrdoq.com.br\/site\/index.php?rest_route=%2Fwp%2Fv2%2Fmedia&parent=463"}],"curies":[{"name":"wp","href":"https:\/\/api.w.org\/{rel}","templated":true}]}}