{"id":4177,"date":"2018-10-01T10:42:53","date_gmt":"2018-10-01T10:42:53","guid":{"rendered":"http:\/\/asrconsultoria.com.br\/?page_id=4177"},"modified":"2025-05-05T18:24:36","modified_gmt":"2025-05-05T18:24:36","slug":"consultoria","status":"publish","type":"page","link":"https:\/\/prototipo.asrdoq.com.br\/site\/?page_id=4177","title":{"rendered":"Consultoria"},"content":{"rendered":"\t\t<div data-elementor-type=\"wp-page\" data-elementor-id=\"4177\" class=\"elementor elementor-4177\">\n\t\t\t\t\t\t<section class=\"elementor-section elementor-top-section elementor-element elementor-element-5767c1b3 elementor-section-stretched elementor-section-boxed elementor-section-height-default elementor-section-height-default\" data-id=\"5767c1b3\" data-element_type=\"section\" data-e-type=\"section\" data-settings=\"{&quot;stretch_section&quot;:&quot;section-stretched&quot;}\">\n\t\t\t\t\t\t<div class=\"elementor-container elementor-column-gap-default\">\n\t\t\t\t\t<div class=\"elementor-column elementor-col-100 elementor-top-column elementor-element elementor-element-18949871\" data-id=\"18949871\" data-element_type=\"column\" data-e-type=\"column\">\n\t\t\t<div class=\"elementor-widget-wrap elementor-element-populated\">\n\t\t\t\t\t\t<div class=\"elementor-element elementor-element-7bac578e elementor-widget elementor-widget-text-editor\" data-id=\"7bac578e\" data-element_type=\"widget\" data-e-type=\"widget\" data-widget_type=\"text-editor.default\">\n\t\t\t\t<div class=\"elementor-widget-container\">\n\t\t\t\t\t\t\t\t\t<p><div class=\"row \"><\/p><p><div class=\"panel panel-default \"><div class=\"panel-body\"><div class=\"col-lg-2 col-md-12 col-xs-12 col-sm-12\"><\/p><p><img decoding=\"async\" src=\"https:\/\/prototipo.asrdoq.com.br\/site\/wp-content\/uploads\/2018\/07\/consultoria.png\" alt=\"\" width=\"76\" height=\"71\" \/><\/p><p><\/div><div class=\"col-lg-8 col-md-12 col-xs-12 col-sm-12\"><\/p><h5><span style=\"color: #008080;\"><strong><span>Consultoria em processos empresariais<\/span><\/strong><\/span><\/h5><p>A<strong> ASR<\/strong> \u00e9 especializada em mapeamento e implementa\u00e7\u00e3o de melhorias de processos, atuando em empresas de diversos portes e setores da economia.<\/p><p><\/div><div class=\"col-lg-2 col-md-12 col-xs-12 col-sm-12\"><\/p><p><img decoding=\"async\" src=\"http:\/\/prototipo.asrdoq.com.br\/site\/wp-content\/uploads\/2022\/02\/6185779-300x200.jpg\" alt=\"\" width=\"258\" height=\"172\" \/><\/p><p><\/div><\/div><\/div><\/p><p><\/div><\/p><hr \/><p><strong><span style=\"color: #003366;\">Como podemos ajudar a sua empresa<\/span><\/strong><\/p><p><div class=\"row \"><br \/><div class=\"col-lg-7 col-md-12 col-xs-12 col-sm-12\"><\/p><ul><li style=\"list-style-type: none;\"><ul><li><span style=\"color: #003366;\"><strong>Mapeamento de processos organizacionais<\/strong><\/span><\/li><\/ul><\/li><\/ul><p style=\"padding-left: 100px;\">Principais processos atuais (<em>AS IS<\/em>)<br \/>Atividades principais, respons\u00e1veis por sua execu\u00e7\u00e3o<br \/>Interfaces e formas de comunica\u00e7\u00e3o entre \u00e1reas<br \/>Pontos fortes, pontos fracos e oportunidades de melhoria<\/p><ul><li style=\"list-style-type: none;\"><ul><li><span style=\"color: #003366;\"><strong>Planos de a\u00e7\u00f5es de melhorias de processos<\/strong><\/span><\/li><\/ul><\/li><\/ul><p style=\"padding-left: 100px;\">Melhorias a serem implementadas (<em>TO BE<\/em>)<br \/>Metas, cronograma, riscos<\/p><ul><li style=\"list-style-type: none;\"><ul><li><span style=\"color: #003366;\"><strong>Implementa\u00e7\u00e3o de melhorias de processos<\/strong><\/span><\/li><\/ul><\/li><\/ul><p style=\"padding-left: 100px;\">Defini\u00e7\u00e3o de melhorias e ajustes nos processos<br \/>Institucionaliza\u00e7\u00e3o de processos<br \/>Monitoramento e An\u00e1lise Cr\u00edtica<\/p><p><\/div><div class=\"col-lg-5 col-md-12 col-xs-12 col-sm-12\"><img fetchpriority=\"high\" decoding=\"async\" src=\"https:\/\/i0.wp.com\/solucoesufv.com.br\/wp-content\/uploads\/2016\/11\/pdca.jpg?fit=620%2C320&amp;ssl=1\" alt=\"Resultado de imagem para pdca\" width=\"589\" height=\"304\" \/><br \/><\/div><\/div><\/p><hr \/><p><div class=\"row \"><br \/><div class=\"col-lg-2 col-md-12 col-xs-12 col-sm-12\"><img loading=\"lazy\" decoding=\"async\" src=\"https:\/\/cdn1.iconfinder.com\/data\/icons\/ui-colored-2-of-3\/100\/UI_2__20-512.png\" alt=\"Resultado de imagem para check icon\" width=\"99\" height=\"99\" \/><br \/><\/div><div class=\"col-lg-10 col-md-12 col-xs-12 col-sm-12\"><\/p><h5><strong><span style=\"color: #003366;\">A certifica\u00e7\u00e3o pode ser \u00fatil para sua empresa?<\/span><\/strong><\/h5><p>A certifica\u00e7\u00e3o pode ser um importante diferencial competitivo para sua empresa.<br \/>Grandes\u00a0<em>empresas <\/em>muitas vezes exigem algum tipo de certifica\u00e7\u00e3o de seus fornecedores de produtos e servi\u00e7os para poderem \u201cseparar o joio do trigo\u201d.<br \/>Processos licitat\u00f3rios de empresas p\u00fablicas podem exigir certifica\u00e7\u00f5es como crit\u00e9rio para Qualifica\u00e7\u00e3o T\u00e9cnica.<br \/><\/div><\/div><\/p><p>Saiba se sua empresa est\u00e1 preparada (ou quanto falta) para a certifica\u00e7\u00e3o<\/p><ul><li><h6><strong><span style=\"color: #003366;\">Diagn\u00f3sticos de Gap Analysis<\/span><\/strong><\/h6><\/li><\/ul><p style=\"padding-left: 60px;\">Verifica\u00e7\u00e3o de ader\u00eancia dos processos da empresa aos requisitos da norma ou modelo<br \/>MPS-SW, MPS-SV, MPS-RH, CMMI-DEV, CMMI-SVC, ISO9001, ISO27000<\/p><hr \/><p>A <strong>ASR<\/strong> conta com profissionais com vasta experi\u00eancia na implementa\u00e7\u00e3o de normas e modelos e pode dar todo o suporte necess\u00e1rio para adequa\u00e7\u00e3o dos processos aos requisitos da norma ou modelo, respeitando as estrat\u00e9gias e a cultura de sua empresa.<\/p><ul><li><strong><span style=\"color: #003366;\"><a style=\"color: #003366;\" href=\"http:\/\/prototipo.asrdoq.com.br\/site\/index.php\/implementacao-mps-br\/\">Implementa\u00e7\u00e3o de MPS.BR<\/a> (MPS-SW, MPS-SV, MPS-RH)\u00a0<\/span><\/strong>\u00a0<img decoding=\"async\" src=\"https:\/\/prototipo.asrdoq.com.br\/site\/wp-content\/uploads\/2024\/11\/IMG_Logo_MPS-BR.png\" alt=\"\" width=\"65\" \/><\/li><li><strong><span style=\"color: #003366;\"><a style=\"color: #003366;\" href=\"http:\/\/prototipo.asrdoq.com.br\/site\/index.php\/consultoria\/implementacao-cmmi\/\">Implementa\u00e7\u00e3o de CMMI<\/a> (CMMI-DEV, CMMI-SVC)<\/span><\/strong>\u00a0 \u00a0 \u00a0<a href=\"http:\/\/prototipo.asrdoq.com.br\/site\/index.php\/cmmi\/\"><img loading=\"lazy\" decoding=\"async\" title=\"CMMI\" src=\"http:\/\/prototipo.asrdoq.com.br\/site\/wp-content\/uploads\/2016\/03\/IMG_463_002.png\" alt=\"S\u00edmbolo oficial do s\u00edmbolo do modelo CMMI\" width=\"81\" height=\"23\" \/><\/a><\/li><li><span style=\"color: #003366;\"><strong><a href=\"http:\/\/prototipo.asrdoq.com.br\/site\/index.php\/implementacao-sgq-iso-9000\"><span style=\"color: #003366;\">Implementa\u00e7\u00e3o de SGQ (Sistema de Gest\u00e3o da Qualidade) ISO9001<\/span><\/a>\u00a0<\/strong> <\/span>\u00a0 \u00a0 \u00a0\u00a0<strong><img loading=\"lazy\" decoding=\"async\" title=\"Logo ISO 9001\" src=\"http:\/\/prototipo.asrdoq.com.br\/site\/wp-content\/uploads\/2016\/03\/IMG_463_003.png\" alt=\"S\u00edmbolo, logo oficial da norma ISO 9001\" width=\"37\" height=\"37\" \/><\/strong><\/li><li><span style=\"color: #003366;\"><strong><a href=\"http:\/\/prototipo.asrdoq.com.br\/site\/index.php\/implementacao-iso-20000\/\"><span style=\"color: #003366;\">Implementa\u00e7\u00e3o de SGS (Sistema de Gest\u00e3o de Servi\u00e7os) ISO20000<\/span><\/a>\u00a0<\/strong> <\/span>\u00a0 \u00a0\u00a0<strong><img loading=\"lazy\" decoding=\"async\" title=\"Logo ISO 20000\" src=\"http:\/\/prototipo.asrdoq.com.br\/site\/wp-content\/uploads\/2016\/03\/IMG_463_004.png\" alt=\"S\u00edmbolo logo ISO 20000\" width=\"81\" height=\"22\" \/><\/strong><\/li><\/ul><ul><li><span style=\"color: #003366;\"><strong>Implementa\u00e7\u00e3o de SGSI (Sistema de Gest\u00e3o de Seguran\u00e7a da Informa\u00e7\u00e3o) ISO27001<\/strong><\/span><\/li><li><span style=\"color: #003366;\"><strong><strong>Implementa\u00e7\u00e3o de SGIA (Sistema de Gest\u00e3o de IA) ISO42001<\/strong><\/strong><\/span><\/li><\/ul><h4><\/h4><hr \/><h5><\/h5><h5><strong><span style=\"color: #003366;\"><span style=\"color: #008080;\">Perguntas Frequentes\u00a0<\/span> \u00a0 \u00a0 \u00a0<\/span><\/strong><\/h5><ul><li><strong>Qual \u00e9 a certifica\u00e7\u00e3o mais indicada para minha empresa?<\/strong><\/li><\/ul><p>Depende do setor e do tipo de exig\u00eancia de seus clientes. Enquanto algumas certifica\u00e7\u00f5es como CMMI, MPS.BR, ISO20000 s\u00e3o aplic\u00e1veis para empresas de TI, outras como a ISO9000 s\u00e3o aplic\u00e1veis para empresas de todos os setores da economia.<\/p><ul><li><strong>Devo certificar minha empresa mesmo que n\u00e3o haja exig\u00eancia de meus clientes?<\/strong><\/li><\/ul><p>A certifica\u00e7\u00e3o pode ser um diferencial competitivo em rela\u00e7\u00e3o aos concorrentes e um excelente agente de motiva\u00e7\u00e3o, agregando conhecimento e profissionalismo para a empresa e seus colaboradores.<\/p><p><div class=\"row \"><br \/><div class=\"col-lg-6 col-md-12 col-xs-12 col-sm-12\"><\/p><p><span style=\"color: #003366;\"><strong><span style=\"color: #800000;\">Fale com um especialista da ASR<\/span>\u00a0<\/strong><\/span><\/p><ul><li>contatos@prototipo.asrdoq.com.br\/site\u00a0<strong><i class=\" fa fa-envelope-o \" style=\"\"><\/i><\/strong><\/li><li>(11) 99982-4118<strong>\u00a0<i class=\" glyphicon glyphicon-phone-alt \" style=\"\"><\/i><\/strong><\/li><\/ul><p><\/div><\/div><\/p>\t\t\t\t\t\t\t\t<\/div>\n\t\t\t\t<\/div>\n\t\t\t\t\t<\/div>\n\t\t<\/div>\n\t\t\t\t\t<\/div>\n\t\t<\/section>\n\t\t\t\t<\/div>\n\t\t","protected":false},"excerpt":{"rendered":"<p>Como podemos ajudar a sua empresa Saiba se sua empresa est\u00e1 preparada (ou quanto falta) para a certifica\u00e7\u00e3o Diagn\u00f3sticos de Gap Analysis Verifica\u00e7\u00e3o de ader\u00eancia dos processos da empresa aos requisitos da norma ou modeloMPS-SW, MPS-SV, MPS-RH, CMMI-DEV, CMMI-SVC, ISO9001, ISO27000 A ASR conta com profissionais com vasta experi\u00eancia na [&hellip;]<\/p>\n","protected":false},"author":5,"featured_media":7418,"parent":0,"menu_order":0,"comment_status":"closed","ping_status":"closed","template":"","meta":{"_joinchat":[],"footnotes":""},"class_list":["post-4177","page","type-page","status-publish","has-post-thumbnail","hentry"],"yoast_head":"<!-- This site is optimized with the Yoast SEO plugin v21.5 - https:\/\/yoast.com\/wordpress\/plugins\/seo\/ -->\n<title>Consultoria - ASR Consultoria<\/title>\n<meta name=\"robots\" content=\"index, follow, max-snippet:-1, max-image-preview:large, max-video-preview:-1\" \/>\n<link rel=\"canonical\" href=\"https:\/\/prototipo.asrdoq.com.br\/site\/?page_id=4177\" \/>\n<meta property=\"og:locale\" content=\"pt_BR\" \/>\n<meta property=\"og:type\" content=\"article\" \/>\n<meta property=\"og:title\" content=\"Consultoria - ASR Consultoria\" \/>\n<meta property=\"og:description\" content=\"Como podemos ajudar a sua empresa Saiba se sua empresa est\u00e1 preparada (ou quanto falta) para a certifica\u00e7\u00e3o Diagn\u00f3sticos de Gap Analysis Verifica\u00e7\u00e3o de ader\u00eancia dos processos da empresa aos requisitos da norma ou modeloMPS-SW, MPS-SV, MPS-RH, CMMI-DEV, CMMI-SVC, ISO9001, ISO27000 A ASR conta com profissionais com vasta experi\u00eancia na [&hellip;]\" \/>\n<meta property=\"og:url\" content=\"https:\/\/prototipo.asrdoq.com.br\/site\/?page_id=4177\" \/>\n<meta property=\"og:site_name\" content=\"ASR Consultoria\" \/>\n<meta property=\"article:modified_time\" content=\"2025-05-05T18:24:36+00:00\" \/>\n<meta property=\"og:image\" content=\"https:\/\/prototipo.asrdoq.com.br\/site\/wp-content\/uploads\/2022\/08\/Design-sem-nome-7-1.png\" \/>\n\t<meta property=\"og:image:width\" content=\"1800\" \/>\n\t<meta property=\"og:image:height\" content=\"455\" \/>\n\t<meta property=\"og:image:type\" content=\"image\/png\" \/>\n<meta name=\"twitter:card\" content=\"summary_large_image\" \/>\n<meta name=\"twitter:label1\" content=\"Est. tempo de leitura\" \/>\n\t<meta name=\"twitter:data1\" content=\"5 minutos\" \/>\n<script type=\"application\/ld+json\" class=\"yoast-schema-graph\">{\"@context\":\"https:\/\/schema.org\",\"@graph\":[{\"@type\":\"WebPage\",\"@id\":\"https:\/\/prototipo.asrdoq.com.br\/site\/?page_id=4177\",\"url\":\"https:\/\/prototipo.asrdoq.com.br\/site\/?page_id=4177\",\"name\":\"Consultoria - ASR Consultoria\",\"isPartOf\":{\"@id\":\"https:\/\/prototipo.asrdoq.com.br\/site\/#website\"},\"datePublished\":\"2018-10-01T10:42:53+00:00\",\"dateModified\":\"2025-05-05T18:24:36+00:00\",\"breadcrumb\":{\"@id\":\"https:\/\/prototipo.asrdoq.com.br\/site\/?page_id=4177#breadcrumb\"},\"inLanguage\":\"pt-BR\",\"potentialAction\":[{\"@type\":\"ReadAction\",\"target\":[\"https:\/\/prototipo.asrdoq.com.br\/site\/?page_id=4177\"]}]},{\"@type\":\"BreadcrumbList\",\"@id\":\"https:\/\/prototipo.asrdoq.com.br\/site\/?page_id=4177#breadcrumb\",\"itemListElement\":[{\"@type\":\"ListItem\",\"position\":1,\"name\":\"In\u00edcio\",\"item\":\"https:\/\/prototipo.asrdoq.com.br\/site\/\"},{\"@type\":\"ListItem\",\"position\":2,\"name\":\"Consultoria\"}]},{\"@type\":\"WebSite\",\"@id\":\"https:\/\/prototipo.asrdoq.com.br\/site\/#website\",\"url\":\"https:\/\/prototipo.asrdoq.com.br\/site\/\",\"name\":\"ASR Consultoria\",\"description\":\"\",\"publisher\":{\"@id\":\"https:\/\/prototipo.asrdoq.com.br\/site\/#organization\"},\"potentialAction\":[{\"@type\":\"SearchAction\",\"target\":{\"@type\":\"EntryPoint\",\"urlTemplate\":\"https:\/\/prototipo.asrdoq.com.br\/site\/?s={search_term_string}\"},\"query-input\":\"required name=search_term_string\"}],\"inLanguage\":\"pt-BR\"},{\"@type\":\"Organization\",\"@id\":\"https:\/\/prototipo.asrdoq.com.br\/site\/#organization\",\"name\":\"ASR Consultoria\",\"url\":\"https:\/\/prototipo.asrdoq.com.br\/site\/\",\"logo\":{\"@type\":\"ImageObject\",\"inLanguage\":\"pt-BR\",\"@id\":\"https:\/\/prototipo.asrdoq.com.br\/site\/#\/schema\/logo\/image\/\",\"url\":\"https:\/\/asrconsultoria.com.br\/wp-content\/uploads\/2016\/03\/Logo_ASR-1.png\",\"contentUrl\":\"https:\/\/asrconsultoria.com.br\/wp-content\/uploads\/2016\/03\/Logo_ASR-1.png\",\"width\":402,\"height\":185,\"caption\":\"ASR Consultoria\"},\"image\":{\"@id\":\"https:\/\/prototipo.asrdoq.com.br\/site\/#\/schema\/logo\/image\/\"}}]}<\/script>\n<!-- \/ Yoast SEO plugin. -->","yoast_head_json":{"title":"Consultoria - ASR Consultoria","robots":{"index":"index","follow":"follow","max-snippet":"max-snippet:-1","max-image-preview":"max-image-preview:large","max-video-preview":"max-video-preview:-1"},"canonical":"https:\/\/prototipo.asrdoq.com.br\/site\/?page_id=4177","og_locale":"pt_BR","og_type":"article","og_title":"Consultoria - ASR Consultoria","og_description":"Como podemos ajudar a sua empresa Saiba se sua empresa est\u00e1 preparada (ou quanto falta) para a certifica\u00e7\u00e3o Diagn\u00f3sticos de Gap Analysis Verifica\u00e7\u00e3o de ader\u00eancia dos processos da empresa aos requisitos da norma ou modeloMPS-SW, MPS-SV, MPS-RH, CMMI-DEV, CMMI-SVC, ISO9001, ISO27000 A ASR conta com profissionais com vasta experi\u00eancia na [&hellip;]","og_url":"https:\/\/prototipo.asrdoq.com.br\/site\/?page_id=4177","og_site_name":"ASR Consultoria","article_modified_time":"2025-05-05T18:24:36+00:00","og_image":[{"width":1800,"height":455,"url":"https:\/\/prototipo.asrdoq.com.br\/site\/wp-content\/uploads\/2022\/08\/Design-sem-nome-7-1.png","type":"image\/png"}],"twitter_card":"summary_large_image","twitter_misc":{"Est. tempo de leitura":"5 minutos"},"schema":{"@context":"https:\/\/schema.org","@graph":[{"@type":"WebPage","@id":"https:\/\/prototipo.asrdoq.com.br\/site\/?page_id=4177","url":"https:\/\/prototipo.asrdoq.com.br\/site\/?page_id=4177","name":"Consultoria - ASR Consultoria","isPartOf":{"@id":"https:\/\/prototipo.asrdoq.com.br\/site\/#website"},"datePublished":"2018-10-01T10:42:53+00:00","dateModified":"2025-05-05T18:24:36+00:00","breadcrumb":{"@id":"https:\/\/prototipo.asrdoq.com.br\/site\/?page_id=4177#breadcrumb"},"inLanguage":"pt-BR","potentialAction":[{"@type":"ReadAction","target":["https:\/\/prototipo.asrdoq.com.br\/site\/?page_id=4177"]}]},{"@type":"BreadcrumbList","@id":"https:\/\/prototipo.asrdoq.com.br\/site\/?page_id=4177#breadcrumb","itemListElement":[{"@type":"ListItem","position":1,"name":"In\u00edcio","item":"https:\/\/prototipo.asrdoq.com.br\/site\/"},{"@type":"ListItem","position":2,"name":"Consultoria"}]},{"@type":"WebSite","@id":"https:\/\/prototipo.asrdoq.com.br\/site\/#website","url":"https:\/\/prototipo.asrdoq.com.br\/site\/","name":"ASR Consultoria","description":"","publisher":{"@id":"https:\/\/prototipo.asrdoq.com.br\/site\/#organization"},"potentialAction":[{"@type":"SearchAction","target":{"@type":"EntryPoint","urlTemplate":"https:\/\/prototipo.asrdoq.com.br\/site\/?s={search_term_string}"},"query-input":"required name=search_term_string"}],"inLanguage":"pt-BR"},{"@type":"Organization","@id":"https:\/\/prototipo.asrdoq.com.br\/site\/#organization","name":"ASR Consultoria","url":"https:\/\/prototipo.asrdoq.com.br\/site\/","logo":{"@type":"ImageObject","inLanguage":"pt-BR","@id":"https:\/\/prototipo.asrdoq.com.br\/site\/#\/schema\/logo\/image\/","url":"https:\/\/asrconsultoria.com.br\/wp-content\/uploads\/2016\/03\/Logo_ASR-1.png","contentUrl":"https:\/\/asrconsultoria.com.br\/wp-content\/uploads\/2016\/03\/Logo_ASR-1.png","width":402,"height":185,"caption":"ASR Consultoria"},"image":{"@id":"https:\/\/prototipo.asrdoq.com.br\/site\/#\/schema\/logo\/image\/"}}]}},"_links":{"self":[{"href":"https:\/\/prototipo.asrdoq.com.br\/site\/index.php?rest_route=\/wp\/v2\/pages\/4177","targetHints":{"allow":["GET"]}}],"collection":[{"href":"https:\/\/prototipo.asrdoq.com.br\/site\/index.php?rest_route=\/wp\/v2\/pages"}],"about":[{"href":"https:\/\/prototipo.asrdoq.com.br\/site\/index.php?rest_route=\/wp\/v2\/types\/page"}],"author":[{"embeddable":true,"href":"https:\/\/prototipo.asrdoq.com.br\/site\/index.php?rest_route=\/wp\/v2\/users\/5"}],"replies":[{"embeddable":true,"href":"https:\/\/prototipo.asrdoq.com.br\/site\/index.php?rest_route=%2Fwp%2Fv2%2Fcomments&post=4177"}],"version-history":[{"count":0,"href":"https:\/\/prototipo.asrdoq.com.br\/site\/index.php?rest_route=\/wp\/v2\/pages\/4177\/revisions"}],"wp:featuredmedia":[{"embeddable":true,"href":"https:\/\/prototipo.asrdoq.com.br\/site\/index.php?rest_route=\/wp\/v2\/media\/7418"}],"wp:attachment":[{"href":"https:\/\/prototipo.asrdoq.com.br\/site\/index.php?rest_route=%2Fwp%2Fv2%2Fmedia&parent=4177"}],"curies":[{"name":"wp","href":"https:\/\/api.w.org\/{rel}","templated":true}]}}